{"id":6763,"date":"2025-05-12T09:52:12","date_gmt":"2025-05-12T14:52:12","guid":{"rendered":"https:\/\/goldmidisf2.com\/?post_type=product&#038;p=6763"},"modified":"2025-11-25T10:18:39","modified_gmt":"2025-11-25T15:18:39","slug":"cinema-strings-library","status":"publish","type":"product","link":"https:\/\/goldmidisf2.com\/en\/product\/cinema-strings-library\/","title":{"rendered":"Cinema Strings Library"},"content":{"rendered":"<p style=\"text-align: justify;\"><strong> Preset: Cinema Strgs HTrills | Cinema Strgs Marc | Cinema Strgs Pizz | Cinema Strgs SlwSust | Cinema Strgs SlwVibr | Cinema Strgs Spicc | Cinema Strgs Stac.mo | Cinema Strgs Stacc | Cinema Strgs Sust | Cinema Strgs Trem | Cinema Strgs Vibr | Cinema Strgs WTrel | Cinema Strgs WTrills<\/strong><\/p>\n<p style=\"text-align: center;\"><strong>\u00a0<\/strong><\/p>\n<p style=\"text-align: center;\">","protected":false},"excerpt":{"rendered":"<p id=\"tw-target-text\" class=\"tw-data-text tw-text-large tw-ta\" dir=\"ltr\" style=\"text-align: justify;\" data-placeholder=\"Traduzione\" data-ved=\"2ahUKEwi_ldKR04mKAxX_SDABHTXIOeQQ3ewLegQICxAT\" aria-label=\"Testo tradotto: Cinematic Strings 2 \u00e8 una libreria di campioni orchestrali molto amata, rinomata per il suo suono eccezionale e per la sua interfaccia facile da usare. Registrato in una grande sala da concerto, CS2 ha un suono caldo e rigoglioso ed \u00e8 una delle librerie di archi di livello professionale pi\u00f9 facili da usare sul mercato. Rilasciata originariamente nel 2012, CS2 \u00e8 stata la nostra prima importante libreria di campioni di archi e ha aperto la strada alla nostra gamma orchestrale pi\u00f9 avanzata &quot;Cinematic Studio Series&quot;. Si fonde bene anche con tutte le librerie pi\u00f9 recenti.\"><span class=\"Y2IQFc\" lang=\"it\"><strong>Cinema Strings Library SoundFont<\/strong>, is a library of realistic orchestral samples collected in 13 warm and lush sounding presets that are especially easy to use, offered in \u201csf2\u201d and \u201csfkr\u201d formats.\u00a0 <\/span><\/p>\n<p class=\"tw-data-text tw-text-large tw-ta\" dir=\"ltr\" style=\"text-align: justify;\" data-placeholder=\"Traduzione\" data-ved=\"2ahUKEwi_ldKR04mKAxX_SDABHTXIOeQQ3ewLegQICxAT\" aria-label=\"Testo tradotto: Cinematic Strings 2 \u00e8 una libreria di campioni orchestrali molto amata, rinomata per il suo suono eccezionale e per la sua interfaccia facile da usare. Registrato in una grande sala da concerto, CS2 ha un suono caldo e rigoglioso ed \u00e8 una delle librerie di archi di livello professionale pi\u00f9 facili da usare sul mercato. Rilasciata originariamente nel 2012, CS2 \u00e8 stata la nostra prima importante libreria di campioni di archi e ha aperto la strada alla nostra gamma orchestrale pi\u00f9 avanzata &quot;Cinematic Studio Series&quot;. Si fonde bene anche con tutte le librerie pi\u00f9 recenti.\"><span class=\"Y2IQFc\" lang=\"it\"><strong>Note:<\/strong> La libreria in formato proprietario &#8220;sfkr&#8221; per chi possiede una licenza del\u00a0 nostro software Midi Player &#8220;<a href=\"https:\/\/goldmidisf2.com\/en\/product\/midisoundsynth-2-0-free-2\/\" rel=\"noopener\"><strong>MidiSoundSynth<\/strong><\/a>&#8220;.<\/span><\/p>\n<p class=\"tw-data-text tw-text-large tw-ta\" dir=\"ltr\" data-placeholder=\"Traduzione\" data-ved=\"2ahUKEwi_ldKR04mKAxX_SDABHTXIOeQQ3ewLegQICxAT\" aria-label=\"Testo tradotto: Cinematic Strings 2 \u00e8 una libreria di campioni orchestrali molto amata, rinomata per il suo suono eccezionale e per la sua interfaccia facile da usare. Registrato in una grande sala da concerto, CS2 ha un suono caldo e rigoglioso ed \u00e8 una delle librerie di archi di livello professionale pi\u00f9 facili da usare sul mercato. Rilasciata originariamente nel 2012, CS2 \u00e8 stata la nostra prima importante libreria di campioni di archi e ha aperto la strada alla nostra gamma orchestrale pi\u00f9 avanzata &quot;Cinematic Studio Series&quot;. Si fonde bene anche con tutte le librerie pi\u00f9 recenti.\"><a href=\"https:\/\/youtu.be\/bTR8C09OTl4\" target=\"_blank\" rel=\"noopener\"><img loading=\"lazy\" decoding=\"async\" class=\"alignnone wp-image-8987 aligncenter\" src=\"https:\/\/goldmidisf2.com\/wp-content\/uploads\/2025\/06\/Youtube-logo300.jpg\" alt=\"\" width=\"148\" height=\"35\" srcset=\"https:\/\/goldmidisf2.com\/wp-content\/uploads\/2025\/06\/Youtube-logo300.jpg 300w, https:\/\/goldmidisf2.com\/wp-content\/uploads\/2025\/06\/Youtube-logo300-18x4.jpg 18w\" sizes=\"auto, (max-width: 148px) 100vw, 148px\" \/><\/a><\/p>","protected":false},"featured_media":6776,"template":"","meta":[],"product_brand":[],"product_cat":[150,154,212,159,152],"product_tag":[],"class_list":{"0":"post-6763","1":"product","2":"type-product","3":"status-publish","4":"has-post-thumbnail","6":"product_cat-soundfonts-sf2","7":"product_cat-soundfonts-sfkr","8":"product_cat-library","9":"product_cat-orchestra","10":"product_cat-promo","12":"first","13":"instock","14":"sale","15":"sold-individually","16":"shipping-taxable","17":"purchasable","18":"product-type-variable"},"_links":{"self":[{"href":"https:\/\/goldmidisf2.com\/en\/wp-json\/wp\/v2\/product\/6763","targetHints":{"allow":["GET"]}}],"collection":[{"href":"https:\/\/goldmidisf2.com\/en\/wp-json\/wp\/v2\/product"}],"about":[{"href":"https:\/\/goldmidisf2.com\/en\/wp-json\/wp\/v2\/types\/product"}],"wp:featuredmedia":[{"embeddable":true,"href":"https:\/\/goldmidisf2.com\/en\/wp-json\/wp\/v2\/media\/6776"}],"wp:attachment":[{"href":"https:\/\/goldmidisf2.com\/en\/wp-json\/wp\/v2\/media?parent=6763"}],"wp:term":[{"taxonomy":"product_brand","embeddable":true,"href":"https:\/\/goldmidisf2.com\/en\/wp-json\/wp\/v2\/product_brand?post=6763"},{"taxonomy":"product_cat","embeddable":true,"href":"https:\/\/goldmidisf2.com\/en\/wp-json\/wp\/v2\/product_cat?post=6763"},{"taxonomy":"product_tag","embeddable":true,"href":"https:\/\/goldmidisf2.com\/en\/wp-json\/wp\/v2\/product_tag?post=6763"}],"curies":[{"name":"wp","href":"https:\/\/api.w.org\/{rel}","templated":true}]}}