{"id":1686,"date":"2025-05-02T19:36:01","date_gmt":"2025-05-03T00:36:01","guid":{"rendered":"https:\/\/goldmidisf2.com\/?page_id=1686"},"modified":"2026-04-13T11:46:48","modified_gmt":"2026-04-13T16:46:48","slug":"termini-condizioni","status":"publish","type":"page","link":"https:\/\/goldmidisf2.com\/es\/termini-condizioni\/","title":{"rendered":"T\u00e9rminos y Condiciones"},"content":{"rendered":"<div class=\"wpb-content-wrapper\"><div class=\"vc_row wpb_row vc_row-fluid\"><div class=\"wpb_column vc_column_container vc_col-sm-12\"><div class=\"vc_column-inner\"><div class=\"wpb_wrapper\">\n\t<div class=\"wpb_text_column wpb_content_element\" >\n\t\t<div class=\"wpb_wrapper\">\n\t\t\t<h3 class=\"western\"><strong><span style=\"color: #000000;\">T\u00e9rminos y Condiciones<\/span><\/strong><\/h3>\n<p align=\"justify\"><span style=\"color: #000000;\">Los T\u00e9rminos y Condiciones publicados en esta p\u00e1gina web rigen el uso del sitio <\/span><strong><span style=\"color: #000000;\">GoldMidiSF2.com<\/span><\/strong><span style=\"color: #000000;\"> (&#8220;<\/span><em><span style=\"color: #000000;\">Sitio Web<\/span><\/em><span style=\"color: #000000;\">\") accesible en <\/span><em><span style=\"color: #000000;\"><a href=\"https:\/\/goldmidisf2.com\/es\/\" target=\"_blank\" rel=\"noopener\">https:\/\/www.goldmidisf2.com<\/a>, <\/span><\/em><span style=\"color: #000000;\">gestionado con derecho de propiedad por <\/span><strong><span style=\"color: #000000;\">GoldMidiSF2.com by Alberto Galluzzo - Carrera 15 #09-81 - 252417 Ricaurte - Cundinamarca (CO); (NIT): 700.128.526-2<\/span><\/strong><\/p>\n<p align=\"justify\"><span style=\"color: #000000;\">Utilizando este <\/span><em><span style=\"color: #000000;\">Sitio Web<\/span><\/em><span style=\"color: #000000;\">el usuario se compromete a aceptar todos los t\u00e9rminos y condiciones que figuran a continuaci\u00f3n.  El usuario no utilizar\u00e1 este <\/span><em><span style=\"color: #000000;\">Sitio Web<\/span><\/em><span style=\"color: #000000;\"> si no est\u00e1 de acuerdo con alguna de estos T\u00e9rminos y Condiciones.<\/span><\/p>\n<p align=\"justify\"><strong><span style=\"color: #000000;\">Introducci\u00f3n<\/span><\/strong><\/p>\n<p align=\"justify\"><strong><span style=\"color: #000000;\">GoldMidiSF2<\/span><\/strong><span style=\"color: #000000;\"> ofrece servicios y productos dedicados a la M\u00fasica. Los contenidos digitales son producidos por (\"<\/span><em><span style=\"color: #000000;\">Sitio Web<\/span><\/em><span style=\"color: #000000;\">\u00ab), que desde hace algunos a\u00f1os es un reconocido productor de software para la reproducci\u00f3n de archivos MIDI y SoundFonts en el \u00bb<\/span><em><span style=\"color: #000000;\">sf2\u201d<\/span><\/em><span style=\"color: #000000;\"> e \u201c<\/span><em><span style=\"color: #000000;\">sfkr\u201d<\/span><\/em><span style=\"color: #000000;\"> (formato propietario).<\/span><\/p>\n<p align=\"justify\"><strong><span style=\"color: #000000;\">Derechos de propiedad intelectual<\/span><\/strong><\/p>\n<p align=\"justify\"><strong><span style=\"color: #000000;\">GoldMidiSF2<\/span><\/strong><span style=\"color: #000000;\"> dispone y se reserva expresamente todos los derechos de propiedad intelectual sobre dichos contenidos. Los usuarios no est\u00e1n autorizados a utilizar los contenidos de ninguna forma que no sea necesaria o impl\u00edcita para el correcto uso del Servicio.<\/span><\/p>\n<p align=\"justify\"><span style=\"color: #000000;\">En particular, pero sin exclusiones, se proh\u00edbe a los Usuarios copiar, descargar, compartir m\u00e1s all\u00e1 de los l\u00edmites especificados a continuaci\u00f3n, modificar, traducir, procesar, publicar, transmitir, vender, sublicenciar, transformar, transferir\/licenciar a terceros o crear obras derivadas a partir del contenido disponible en este Sitio Web, as\u00ed como permitir que terceros realicen dichas actividades a trav\u00e9s de su cuenta de Usuario o dispositivo, incluso sin su conocimiento.<\/span><\/p>\n<p align=\"justify\"><span style=\"color: #000000;\">Se autoriza al Usuario a descargar, copiar y\/o compartir determinados contenidos disponibles en este sitio web, cuando as\u00ed se indique expresamente en el mismo, \u00fanicamente para fines personales y no comerciales y siempre que se haga constar la autor\u00eda de la obra as\u00ed como la indicaci\u00f3n de cualquier otra circunstancia relevante exigida por (\"<\/span><em><span style=\"color: #000000;\">Sitio Web<\/span><\/em><span style=\"color: #000000;\"> \"). Las limitaci\u00f3n y exclusiones en virtud de la ley de derechos de autor no se ver\u00e1n afectadas.<\/span><\/p>\n<p><strong><span style=\"color: #000000;\">Restricciones<\/span><\/strong><\/p>\n<p><span style=\"color: #000000;\">El Usuario est\u00e1 espec\u00edficamente restringido por todo lo siguiente:<\/span><\/p>\n<ul>\n<li><span style=\"color: #000000;\">difundir o publicar cualquier material del <\/span><em><span style=\"color: #000000;\">Sitio Web<\/span><\/em><span style=\"color: #000000;\"> su qualsiasi altro supporto;<\/span><\/li>\n<li><span style=\"color: #000000;\">difundir o publicar contenidos falsos o susceptibles de causar alarma injustificada;<\/span><\/li>\n<li><span style=\"color: #000000;\">utilizar este sitio web para publicar, difundir u ofrecer de cualquier otro modo contenidos protegidos por la legislaci\u00f3n sobre propiedad intelectual sin la autorizaci\u00f3n del titular de los derechos;<\/span><\/li>\n<li><span style=\"color: #000000;\">vender, sublicenciar y\/o comercializar de cualquier otro modo cualquier material del <\/span><em><span style=\"color: #000000;\">Sito Web;<\/span><\/em><\/li>\n<li><span style=\"color: #000000;\">ejecutar y\/o mostrar p\u00fablicamente cualquier material del <\/span><em><span style=\"color: #000000;\">Sito Web;<\/span><\/em><\/li>\n<li><span style=\"color: #000000;\">utilizar este <\/span><em><span style=\"color: #000000;\">Sitio Web<\/span><\/em><span style=\"color: #000000;\"> de cualquier forma que sea o pueda ser perjudicial para esta <\/span><em><span style=\"color: #000000;\">Sito Web;<\/span><\/em><\/li>\n<li><span style=\"color: #000000;\">utilizando este <\/span><em><span style=\"color: #000000;\">Sitio Web<\/span><\/em><span style=\"color: #000000;\"> de cualquier forma que afecte al acceso de los usuarios a este <\/span><em><span style=\"color: #000000;\">Sito Web;<\/span><\/em><\/li>\n<li><span style=\"color: #000000;\">el uso de este <\/span><em><span style=\"color: #000000;\">Sitio Web<\/span><\/em><span style=\"color: #000000;\"> en violaci\u00f3n de las leyes y reglamentos aplicables o que de alg\u00fan modo pueda causar da\u00f1os al <\/span><em><span style=\"color: #000000;\">Sitio Web<\/span><\/em><span style=\"color: #000000;\"> o a cualquier persona f\u00edsica o jur\u00eddica;<\/span><\/li>\n<li>\n<p align=\"justify\"><span style=\"color: #000000;\">utilizando este <\/span><em><span style=\"color: #000000;\">Sitio Web<\/span><\/em><span style=\"color: #000000;\"> para cualquier tipo de publicidad o marketing;<\/span><\/p>\n<\/li>\n<li>\n<p align=\"justify\"><span style=\"color: #000000;\">publicar contenidos o llevar a cabo actividades que perturben, interrumpan, da\u00f1en o violen de cualquier otro modo la integridad de este Sitio Web o de los dispositivos de otros Usuarios. Tales actividades incluyen: spamming, difusi\u00f3n il\u00edcita de publicidad, phishing, fraude contra terceros, difusi\u00f3n de malware o virus, etc;<\/span><\/p>\n<\/li>\n<\/ul>\n<p align=\"justify\"><strong><span style=\"color: #000000;\">Descripci\u00f3n del producto <\/span><\/strong><\/p>\n<ul>\n<li>\n<p align=\"justify\"><span style=\"color: #000000;\">Los precios y descripciones de los Productos se especifican en las respectivas secciones de este Sitio Web y est\u00e1n sujetos a cambios sin previo aviso.<\/span><\/p>\n<\/li>\n<li>\n<p align=\"justify\"><span style=\"color: #000000;\">Aunque los Productos de este Sitio Web se presentan con la m\u00e1xima profesionalidad y t\u00e9cnica, la publicaci\u00f3n en este Sitio Web (incluidos, entre otros, gr\u00e1ficos, im\u00e1genes, colores, sonidos) tiene car\u00e1cter meramente referencial y no implica garant\u00eda alguna sobre las caracter\u00edsticas del Producto adquirido.<\/span><\/p>\n<\/li>\n<li>\n<p align=\"justify\"><span style=\"color: #000000;\">Las caracter\u00edsticas del Producto seleccionado se especificar\u00e1n durante el procedimiento de compra.<\/span><\/p>\n<\/li>\n<\/ul>\n<p align=\"justify\"><strong><span style=\"color: #000000;\">Procedimiento de compra<\/span><\/strong><\/p>\n<ul>\n<li>\n<p align=\"justify\"><span style=\"color: #000000;\">Se pide a los usuarios que elijan el Producto deseado y verifiquen su elecci\u00f3n de compra.<\/span><\/p>\n<\/li>\n<li>\n<p align=\"justify\"><span style=\"color: #000000;\">Los contenidos digitales adquiridos en este Sitio Web se entregan mediante descarga en el dispositivo o dispositivos elegidos por el Usuario.<\/span><\/p>\n<\/li>\n<li>\n<p align=\"justify\"><span style=\"color: #000000;\">Los usuarios reconocen y aceptan que, para descargar y\/o utilizar el Producto, el dispositivo o dispositivos elegidos y el software respectivo (incluidos los sistemas operativos) deben ser legales, de uso com\u00fan, estar actualizados y ajustarse a los est\u00e1ndares actuales del mercado.<\/span><\/p>\n<\/li>\n<li>\n<p align=\"justify\"><span style=\"color: #000000;\">Los usuarios reconocen y aceptan que la posibilidad de descargar el Producto adquirido puede estar limitada en el tiempo y en el espacio.<\/span><\/p>\n<\/li>\n<\/ul>\n<p align=\"justify\"><strong><span style=\"color: #000000;\">Pol\u00edtica de Privacidad<\/span><\/strong><\/p>\n<p align=\"justify\"><span style=\"color: #000000;\">La informaci\u00f3n sobre el tratamiento de Datos Personales figura en el <a href=\"https:\/\/goldmidisf2.com\/es\/privacy-policy\/\" target=\"_blank\" rel=\"noopener\">pol\u00edtica de privacidad<\/a> de este Sitio Web.<\/span><\/p>\n<p align=\"justify\"><strong><span style=\"color: #000000;\">Derecho de rescisi\u00f3n<\/span><\/strong><\/p>\n<p align=\"justify\"><strong><span style=\"color: #000000;\">No hay derecho de desistimiento ni de reembolso:<\/span><\/strong><\/p>\n<ul>\n<li>\n<p align=\"justify\"><span style=\"color: #ff0000;\">de suministro de contenidos digitales en soporte no material, cuando la prestaci\u00f3n se inicie con el consentimiento expreso del Usuario;<\/span><\/p>\n<\/li>\n<li>\n<p align=\"justify\"><span style=\"color: #ff0000;\">de prestar servicios despu\u00e9s de que el servicio se haya realizado en su totalidad con el consentimiento expreso del Usuario;<\/span><\/p>\n<\/li>\n<li>\n<p align=\"justify\"><span style=\"color: #ff0000;\">de suministro de software con coste \u00fanico de licencia sin caducidad tras 15 d\u00edas laborables de activaci\u00f3n mediante el n\u00famero de serie facilitado en el momento de la compra;<\/span><\/p>\n<\/li>\n<\/ul>\n<p align=\"justify\"><strong><span style=\"font-family: Open Sans, sans-serif;\"><span style=\"font-size: medium;\"><b>IMPORTANTE<\/b><\/span><\/span><\/strong><br \/>\n<em><span style=\"font-family: Open Sans, sans-serif;\"><span style=\"font-size: medium;\">- POR CADA LICENCIA RECIBIR\u00c1 POR CORREO ELECTR\u00d3NICO EL C\u00d3DIGO<\/span><\/span><\/em> <em><span style=\"font-family: Open Sans, sans-serif;\"><span style=\"font-size: medium;\">DI ATTIVAZIONE DEL PROGRAMMA<br \/>\n- SE PUEDEN UTILIZAR HASTA 2 ACTIVACIONES POR LICENCIA, INCLUSO EN DISTINTOS ORDENADORES<br \/>\n&#8211; LE ATTIVAZIONI POSSONO ESSERE GESTITE AUTONOMAMENTE SENZA L&#8217;INTERVENTO DELLO STAFF DI <strong><span style=\"color: #000000;\">GoldMidiSF2<\/span><\/strong><br \/>\n- SE PROH\u00cdBE LA CESI\u00d3N DE SUS ACTIVACIONES A TERCEROS<br \/>\n&#8211; ULTERIORI ATTIVAZIONI EXTRA POSSONO ESSERE ACQUISTATE E RICHIESTE\u00a0 CONTATTANDO <strong><span style=\"color: #000000;\">GoldMidiSF2<\/span><\/strong><br \/>\n- LAS ACTIVACIONES ADICIONALES SE REFIEREN A LA VERSI\u00d3N ACTUAL Y NO PUEDEN TRANSFERIRSE A VERSIONES POSTERIORES<br \/>\n- UNA VEZ ACTIVADA LA VERSI\u00d3N 2 DE MIDISOUNDSYNTH<\/span><\/span><\/em> <em><span style=\"font-family: Open Sans, sans-serif;\"><span style=\"font-size: medium;\">INCLUSO EN UN \u00daNICO DISPOSITIVO, LAS VERSIONES ANTERIORES SE BLOQUEAR\u00c1N TRANSCURRIDOS 15 D\u00cdAS<\/span><\/span><\/em><\/p>\n<p align=\"justify\"><strong><span style=\"color: #000000;\">Limitaci\u00f3n de responsabilidad<\/span><\/strong><\/p>\n<p align=\"justify\"><span style=\"color: #000000;\"><strong>GoldMidiSF2.com<\/strong> no asume responsabilidad alguna en relaci\u00f3n con:<\/span><\/p>\n<ul>\n<li>\n<p align=\"justify\"><span style=\"color: #000000;\">los da\u00f1os o perjuicios derivados de interrupciones o del mal funcionamiento de este sitio web debidos a causas de fuerza mayor o a acontecimientos imprevistos e imprevisibles y, en cualquier caso, ajenos a la voluntad y al control de <\/span><strong><span style=\"color: #000000;\">GoldMidiSF2.com<\/span><\/strong><span style=\"color: #000000;\">como, entre otros, aver\u00edas o interrupciones de las l\u00edneas telef\u00f3nicas o el\u00e9ctricas, de la conexi\u00f3n a Internet y\/o de otros medios de transmisi\u00f3n, inaccesibilidad de sitios web, huelgas, cat\u00e1strofes naturales, virus y ataques inform\u00e1ticos e interrupciones en el suministro de productos, servicios o aplicaciones de terceros;<\/span><\/p>\n<\/li>\n<li>\n<p align=\"justify\"><span style=\"color: #000000;\">cualquier p\u00e9rdida que no sea consecuencia directa del incumplimiento de las Condiciones por parte de <strong>GoldMidiSF2.com<\/strong><\/span><span style=\"color: #000000;\">;<\/span><\/p>\n<\/li>\n<\/ul>\n<p align=\"justify\"><span style=\"color: #000000;\">No obstante lo anterior, las siguientes limitaciones se aplican a todos los Usuarios que no act\u00faen como Consumidores.<\/span><\/p>\n<p align=\"justify\"><strong><span style=\"color: #000000;\">\u00a0Separabilidad<\/span><\/strong><\/p>\n<p align=\"justify\"><span style=\"color: #000000;\">Si alguna disposici\u00f3n de estas Condiciones se considera inv\u00e1lida en virtud de la legislaci\u00f3n aplicable, dicha disposici\u00f3n se suprimir\u00e1 sin que ello afecte a las restantes disposiciones del presente documento.<\/span><\/p>\n<p align=\"justify\"><strong><span style=\"color: #000000;\">\u00a0Variaci\u00f3n de los t\u00e9rminos<\/span><\/strong><\/p>\n<p align=\"justify\"><span style=\"color: #000000;\"><strong>GoldMidiSF2.com<\/strong> tiene derecho a revisar estas Condiciones en cualquier momento que lo considere oportuno, y al utilizar este sitio web se espera que usted revise estas Condiciones de forma peri\u00f3dica.<\/span><\/p>\n<p align=\"justify\"><strong><span style=\"color: #000000;\">\u00a0Acuerdo completo<\/span><\/strong><\/p>\n<p align=\"justify\"><span style=\"color: #000000;\">Estas Condiciones constituyen el acuerdo completo entre <strong>GoldMidiSF2.com<\/strong><\/span><span style=\"color: #000000;\">\u00a0y el usuario en relaci\u00f3n con el uso de este sitio web y sustituyen a todos los acuerdos y entendimientos anteriores.<\/span><\/p>\n<p align=\"justify\"><strong><span style=\"color: #000000;\">Lugar de jurisdicci\u00f3n<\/span><\/strong><\/p>\n<p align=\"justify\"><span style=\"color: #000000;\">La jurisdicci\u00f3n exclusiva para conocer de cualquier litigio derivado de las Condiciones o relacionado con las mismas corresponder\u00e1 a los tribunales del lugar en el que est\u00e9 establecido el Titular, tal y como se establece en la secci\u00f3n correspondiente de este documento.<\/span><\/p>\n\n\t\t<\/div>\n\t<\/div>\n<\/div><\/div><\/div><\/div>\n<\/div>","protected":false},"excerpt":{"rendered":"Termini &amp; Condizioni I Termini e condizioni pubblicati su questa pagina Web gestiscono l'utilizzo del sito GoldMidiSF2.com (\"Sito Web\") accessibile all'indirizzo https:\/\/www.goldmidisf2.com, gestito con diritto di propriet\u00e0 da Soundfonts.com di Alberto Galluzzo \u2013 Carrera 15 #09-81 - 252417 Ricaurte - Cundinamarca (CO); (NIT): 700.128.526-2 Utilizzando questo Sito Web, l\u2019utente si impegna ad accettare tutti i [...]","protected":false},"author":1,"featured_media":0,"parent":0,"menu_order":0,"comment_status":"closed","ping_status":"closed","template":"","meta":{"footnotes":""},"class_list":["post-1686","page","type-page","status-publish","hentry"],"_links":{"self":[{"href":"https:\/\/goldmidisf2.com\/es\/wp-json\/wp\/v2\/pages\/1686","targetHints":{"allow":["GET"]}}],"collection":[{"href":"https:\/\/goldmidisf2.com\/es\/wp-json\/wp\/v2\/pages"}],"about":[{"href":"https:\/\/goldmidisf2.com\/es\/wp-json\/wp\/v2\/types\/page"}],"author":[{"embeddable":true,"href":"https:\/\/goldmidisf2.com\/es\/wp-json\/wp\/v2\/users\/1"}],"replies":[{"embeddable":true,"href":"https:\/\/goldmidisf2.com\/es\/wp-json\/wp\/v2\/comments?post=1686"}],"version-history":[{"count":2,"href":"https:\/\/goldmidisf2.com\/es\/wp-json\/wp\/v2\/pages\/1686\/revisions"}],"predecessor-version":[{"id":11281,"href":"https:\/\/goldmidisf2.com\/es\/wp-json\/wp\/v2\/pages\/1686\/revisions\/11281"}],"wp:attachment":[{"href":"https:\/\/goldmidisf2.com\/es\/wp-json\/wp\/v2\/media?parent=1686"}],"curies":[{"name":"wp","href":"https:\/\/api.w.org\/{rel}","templated":true}]}}