{"id":342,"date":"2016-07-27T07:48:23","date_gmt":"2016-07-27T07:48:23","guid":{"rendered":"http:\/\/musicplace.dv.themerex.net\/?page_id=342"},"modified":"2025-08-09T11:34:31","modified_gmt":"2025-08-09T16:34:31","slug":"chi-siamo","status":"publish","type":"page","link":"https:\/\/goldmidisf2.com\/es\/chi-siamo\/","title":{"rendered":"QUI\u00c9NES SOMOS"},"content":{"rendered":"<div class=\"wpb-content-wrapper\"><div class=\"vc_row wpb_row vc_row-fluid\"><div class=\"wpb_column vc_column_container vc_col-sm-12\"><div class=\"vc_column-inner\"><div class=\"wpb_wrapper\"><div class=\"columns_wrap sc_columns columns_nofluid sc_columns_count_2\"><div class=\"column-1_2 sc_column_item sc_column_item_1 odd first\"><figure class=\"sc_image  sc_image_shape_square\"><img decoding=\"async\" src=\"http:\/\/6625\" alt=\"\" \/><\/figure><figure class=\"sc_image  sc_image_shape_square\"><img decoding=\"async\" src=\"https:\/\/goldmidisf2.com\/wp-content\/uploads\/2025\/06\/636152af1e3e09335a49cf344ad1a959-1-scaled-1.jpg\" alt=\"\" \/><\/figure><\/div><div class=\"column-1_2 sc_column_item sc_column_item_2 even\">\n\t<div class=\"wpb_text_column wpb_content_element\" >\n\t\t<div class=\"wpb_wrapper\">\n\t\t\t<h5 class=\"western\">Innovaciones en dise\u00f1o sonoro<\/h5>\n<p style=\"text-align: justify;\"><strong>GoldMidiSF2,<\/strong> , representa un avance significativo en el dise\u00f1o de sonido gracias a su oferta de soundfont de alta calidad. Las innovaciones tecnol\u00f3gicas y creativas de GoldMidiSF2 han permitido desarrollar soundfonts que no s\u00f3lo superan las expectativas en cuanto a calidad de sonido, sino que, sobre todo, optimizan la gesti\u00f3n del espacio. Las soundfonts sfkr, un formato propio, est\u00e1n dise\u00f1adas para ofrecer una experiencia sonora superior, ocupando s\u00f3lo un tercio del espacio de las soundfonts sf2 tradicionales, lo que no s\u00f3lo aumenta la eficiencia, sino que permite a los m\u00fasicos explorar m\u00e1s sonidos sin comprometer la calidad.<\/p>\n\n\t\t<\/div>\n\t<\/div>\n<\/div><\/div><div class=\"columns_wrap sc_columns columns_nofluid sc_columns_count_2\"><div class=\"column-1_2 sc_column_item sc_column_item_1 odd first\">\n\t<div class=\"wpb_text_column wpb_content_element\" >\n\t\t<div class=\"wpb_wrapper\">\n\t\t\t<h5 class=\"western\">MidiSoundSynth: El futuro del software de reproducci\u00f3n Midi<\/h5>\n<p style=\"text-align: justify;\"><strong>MidiSoundSynth<\/strong> , destaca como una de las mejores soluciones en el panorama del software Midi Player gracias a su intuitividad y potencia. Desarrollado a partir de la colaboraci\u00f3n entre GoldMidiSF2 y SynthFont, este software no s\u00f3lo permite una reproducci\u00f3n fluida de archivos MIDI, sino que tambi\u00e9n integra las innovadoras soundfonts sfkr, realzando cada pieza musical. Con su interfaz f\u00e1cil de usar y funciones avanzadas como la personalizaci\u00f3n de pistas y la optimizaci\u00f3n del sonido, MidiSoundSynth est\u00e1 destinado a convertirse en una herramienta indispensable para m\u00fasicos, productores y aficionados a la m\u00fasica. Cada sesi\u00f3n de trabajo se convierte en una oportunidad para explorar la creatividad musical.<\/p>\n\n\t\t<\/div>\n\t<\/div>\n<\/div><div class=\"column-1_2 sc_column_item sc_column_item_2 even\"><figure class=\"sc_image  sc_image_shape_square\"><img decoding=\"async\" src=\"https:\/\/goldmidisf2.com\/wp-content\/uploads\/2025\/05\/ChiSiamo3.jpg\" alt=\"\" \/><\/figure><\/div><\/div><div class=\"columns_wrap sc_columns columns_nofluid sc_columns_count_2\"><div class=\"column-1_2 sc_column_item sc_column_item_1 odd first\"><figure class=\"sc_image  sc_image_shape_square\"><img decoding=\"async\" src=\"https:\/\/goldmidisf2.com\/wp-content\/uploads\/2025\/05\/Slide2.jpg\" alt=\"\" \/><\/figure><figure class=\"sc_image  sc_image_shape_square\"><img decoding=\"async\" src=\"https:\/\/goldmidisf2.com\/wp-content\/uploads\/2025\/06\/652812b1f1338751f361a26a977c0e2e-2-scaled-1.jpg\" alt=\"\" \/><\/figure><\/div><div class=\"column-1_2 sc_column_item sc_column_item_2 even\">\n\t<div class=\"wpb_text_column wpb_content_element\" >\n\t\t<div class=\"wpb_wrapper\">\n\t\t\t<h5 class=\"western\">GoldMidiSF2: el punto de encuentro de los m\u00fasicos digitales<\/h5>\n<p style=\"text-align: justify;\"><strong>GoldMidiSF2<\/strong> se ha consolidado como el punto de encuentro ideal para los m\u00fasicos digitales que buscan soundfonts de alta calidad. Con una cuidada selecci\u00f3n de soundfonts sfkr y una interfaz f\u00e1cil de usar, nuestra tienda hace que explorar y adquirir nuevos sonidos sea una experiencia f\u00e1cil y gratificante. Cada d\u00eda, m\u00fasicos y productores utilizan nuestros productos para enriquecer sus producciones de audio, satisfaciendo su creatividad y su deseo de innovaci\u00f3n. En un mundo donde lo digital est\u00e1 cada vez m\u00e1s presente, <b>GoldMidiSF2 <\/b>no s\u00f3lo ofrece excelentes recursos sonoros, sino tambi\u00e9n apoyo y comunidad para los usuarios.<\/p>\n\n\t\t<\/div>\n\t<\/div>\n<\/div><\/div><div class=\"vc_empty_space\"   style=\"height: 4.8em\"><span class=\"vc_empty_space_inner\"><\/span><\/div><\/div><\/div><\/div><\/div>\n<\/div>","protected":false},"excerpt":{"rendered":"Innovazioni nel Sound Design GoldMidiSF2, rappresenta una svolta significativa nel panorama del sound design grazie alla sua offerta di soundfont di alta qualit\u00e0. Le innovazioni tecnologiche e creativita' di GoldMidiSF2 hanno reso possibile lo sviluppo di soundfont che non solo superano le aspettative in termini di qualit\u00e0 audio, ma\u00a0 ottimizzano soprattutto la gestione dello spazio. [...]","protected":false},"author":1,"featured_media":0,"parent":0,"menu_order":0,"comment_status":"closed","ping_status":"closed","template":"","meta":{"footnotes":""},"class_list":["post-342","page","type-page","status-publish","hentry"],"_links":{"self":[{"href":"https:\/\/goldmidisf2.com\/es\/wp-json\/wp\/v2\/pages\/342","targetHints":{"allow":["GET"]}}],"collection":[{"href":"https:\/\/goldmidisf2.com\/es\/wp-json\/wp\/v2\/pages"}],"about":[{"href":"https:\/\/goldmidisf2.com\/es\/wp-json\/wp\/v2\/types\/page"}],"author":[{"embeddable":true,"href":"https:\/\/goldmidisf2.com\/es\/wp-json\/wp\/v2\/users\/1"}],"replies":[{"embeddable":true,"href":"https:\/\/goldmidisf2.com\/es\/wp-json\/wp\/v2\/comments?post=342"}],"version-history":[{"count":3,"href":"https:\/\/goldmidisf2.com\/es\/wp-json\/wp\/v2\/pages\/342\/revisions"}],"predecessor-version":[{"id":9178,"href":"https:\/\/goldmidisf2.com\/es\/wp-json\/wp\/v2\/pages\/342\/revisions\/9178"}],"wp:attachment":[{"href":"https:\/\/goldmidisf2.com\/es\/wp-json\/wp\/v2\/media?parent=342"}],"curies":[{"name":"wp","href":"https:\/\/api.w.org\/{rel}","templated":true}]}}