{"id":10059,"date":"2025-11-06T13:01:08","date_gmt":"2025-11-06T18:01:08","guid":{"rendered":"https:\/\/goldmidisf2.com\/?post_type=product&#038;p=10059"},"modified":"2025-11-25T10:15:31","modified_gmt":"2025-11-25T15:15:31","slug":"nylon-modern-library","status":"publish","type":"product","link":"https:\/\/goldmidisf2.com\/es\/product\/nylon-modern-library\/","title":{"rendered":"Nylon Modern Library"},"content":{"rendered":"<p>Formato SoundFont \u00absf2\u00bb y \u00absfkr\u00bb, 374 muestras reales, 13 instrumentos, 13 preajustes.<\/p>\n<p><strong>Preajustes:<\/strong> Classic | Concert | Cortes | Electo | Fiorino | Harmonic | Lucia | Natural | Night Jazz | Pop | Spanish | Summer | Tango<\/p>\n<p>&nbsp;<\/p>\n<p>&nbsp;<\/p>","protected":false},"excerpt":{"rendered":"<p style=\"text-align: justify;\">Hay momentos en los que se necesita el sonido n\u00edtido de una guitarra ac\u00fastica con cuerdas de acero, pero el sonido caracter\u00edstico de las cuerdas de nailon suele ser la elecci\u00f3n perfecta para un tono de guitarra ac\u00fastica m\u00e1s suave. El tono pleno y rico de Nylon Modern Library SoundFont destaca en la guitarra cl\u00e1sica, as\u00ed como en las pistas de guitarra pop\/rock.<\/p>\n<p style=\"text-align: center;\"><div id=\"audioigniter-10071\" class=\"audioigniter-root\" data-player-type=\"full\" data-tracks-url=\"https:\/\/goldmidisf2.com\/es\/?audioigniter_playlist_id=10071\" data-display-track-no=\"false\" data-reverse-track-order=\"false\" data-display-tracklist-covers=\"true\" data-display-active-cover=\"false\" data-display-artist-names=\"true\" data-display-buy-buttons=\"false\" data-buy-buttons-target=\"false\" data-cycle-tracks=\"false\" data-display-credits=\"false\" data-display-tracklist=\"false\" data-allow-tracklist-toggle=\"false\" data-allow-tracklist-loop=\"false\" data-limit-tracklist-height=\"true\" data-volume=\"100\" data-tracklist-height=\"185\" ><\/div><\/p>\n<p style=\"text-align: center;\">","protected":false},"featured_media":10062,"template":"","meta":[],"product_brand":[],"product_cat":[150,154,161,212,185],"product_tag":[],"class_list":{"0":"post-10059","1":"product","2":"type-product","3":"status-publish","4":"has-post-thumbnail","6":"product_cat-soundfonts-sf2","7":"product_cat-soundfonts-sfkr","8":"product_cat-chitarre","9":"product_cat-library","10":"product_cat-nylon","12":"first","13":"instock","14":"sold-individually","15":"shipping-taxable","16":"purchasable","17":"product-type-variable"},"_links":{"self":[{"href":"https:\/\/goldmidisf2.com\/es\/wp-json\/wp\/v2\/product\/10059","targetHints":{"allow":["GET"]}}],"collection":[{"href":"https:\/\/goldmidisf2.com\/es\/wp-json\/wp\/v2\/product"}],"about":[{"href":"https:\/\/goldmidisf2.com\/es\/wp-json\/wp\/v2\/types\/product"}],"wp:featuredmedia":[{"embeddable":true,"href":"https:\/\/goldmidisf2.com\/es\/wp-json\/wp\/v2\/media\/10062"}],"wp:attachment":[{"href":"https:\/\/goldmidisf2.com\/es\/wp-json\/wp\/v2\/media?parent=10059"}],"wp:term":[{"taxonomy":"product_brand","embeddable":true,"href":"https:\/\/goldmidisf2.com\/es\/wp-json\/wp\/v2\/product_brand?post=10059"},{"taxonomy":"product_cat","embeddable":true,"href":"https:\/\/goldmidisf2.com\/es\/wp-json\/wp\/v2\/product_cat?post=10059"},{"taxonomy":"product_tag","embeddable":true,"href":"https:\/\/goldmidisf2.com\/es\/wp-json\/wp\/v2\/product_tag?post=10059"}],"curies":[{"name":"wp","href":"https:\/\/api.w.org\/{rel}","templated":true}]}}