{"id":10116,"date":"2025-11-12T11:01:01","date_gmt":"2025-11-12T16:01:01","guid":{"rendered":"https:\/\/goldmidisf2.com\/?post_type=product&#038;p=10116"},"modified":"2026-04-15T10:39:23","modified_gmt":"2026-04-15T15:39:23","slug":"big-band-jazz-gm-soundfont","status":"publish","type":"product","link":"https:\/\/goldmidisf2.com\/es\/product\/big-band-jazz-gm-soundfont\/","title":{"rendered":"Big Band &amp; JazzSF2 GM"},"content":{"rendered":"<p>Formato SoundFont \u201csf2\u201d, 370 MB de espacio total | 802 muestras reales | 181 instrumentos | 23 presets | Windows, Mac, Android<\/p>\n<p>&nbsp;<\/p>\n<p>&nbsp;<\/p>\n<p>&nbsp;<\/p>","protected":false},"excerpt":{"rendered":"<p style=\"text-align: justify;\">Con el t\u00e9rmino\u00a0<b>Big band<\/b>, o\u00a0<b>orchestra jazz<\/b>, nos referimos al tipo de formaci\u00f3n orquestal que se impuso en Estados Unidos a partir de los a\u00f1os veinte y que interpretaba principalmente piezas utilizadas en la m\u00fasica jazz, en particular el swing, pero tambi\u00e9n latinoamericanas. Para evocar estos estilos, pero sobre todo estos sonidos, hemos creado <strong>Big Band &amp; Jazz GM SoundFont <\/strong>formato \u00absf2\u00bb, con el uso de muestras reales. Una vez m\u00e1s, ofrecemos una de las mejores fuentes de sonido GM, esta vez para la reproducci\u00f3n de archivos MIDI, incluyendo los principales instrumentos que se tocan en una Big Band y una Orquesta de Jazz.<\/p>\n<p style=\"text-align: center;\"><a href=\"https:\/\/goldmidisf2.com\/wp-content\/uploads\/2026\/04\/Big-Band-Jazz-SF2-GM.pdf\" target=\"_blank\" rel=\"noopener\"><strong><span style=\"color: #ff6600;\">Abrir la lista aqu\u00ed<\/span><\/strong><\/a><\/p>\n<p><a href=\"https:\/\/youtu.be\/pi5lENXrnq0\" target=\"_blank\" rel=\"noopener\"><img loading=\"lazy\" decoding=\"async\" class=\"wp-image-8987 aligncenter\" src=\"https:\/\/goldmidisf2.com\/wp-content\/uploads\/2025\/06\/Youtube-logo300.jpg\" alt=\"\" width=\"173\" height=\"41\" srcset=\"https:\/\/goldmidisf2.com\/wp-content\/uploads\/2025\/06\/Youtube-logo300.jpg 300w, https:\/\/goldmidisf2.com\/wp-content\/uploads\/2025\/06\/Youtube-logo300-18x4.jpg 18w\" sizes=\"auto, (max-width: 173px) 100vw, 173px\" \/><\/a><\/p>\n<p style=\"text-align: center;\">","protected":false},"featured_media":10119,"template":"","meta":[],"product_brand":[],"product_cat":[150,152,205],"product_tag":[],"class_list":{"0":"post-10116","1":"product","2":"type-product","3":"status-publish","4":"has-post-thumbnail","6":"product_cat-soundfonts-sf2","7":"product_cat-promo","8":"product_cat-banco-suoni-gm","10":"first","11":"instock","12":"sale","13":"downloadable","14":"virtual","15":"sold-individually","16":"purchasable","17":"product-type-simple"},"_links":{"self":[{"href":"https:\/\/goldmidisf2.com\/es\/wp-json\/wp\/v2\/product\/10116","targetHints":{"allow":["GET"]}}],"collection":[{"href":"https:\/\/goldmidisf2.com\/es\/wp-json\/wp\/v2\/product"}],"about":[{"href":"https:\/\/goldmidisf2.com\/es\/wp-json\/wp\/v2\/types\/product"}],"wp:featuredmedia":[{"embeddable":true,"href":"https:\/\/goldmidisf2.com\/es\/wp-json\/wp\/v2\/media\/10119"}],"wp:attachment":[{"href":"https:\/\/goldmidisf2.com\/es\/wp-json\/wp\/v2\/media?parent=10116"}],"wp:term":[{"taxonomy":"product_brand","embeddable":true,"href":"https:\/\/goldmidisf2.com\/es\/wp-json\/wp\/v2\/product_brand?post=10116"},{"taxonomy":"product_cat","embeddable":true,"href":"https:\/\/goldmidisf2.com\/es\/wp-json\/wp\/v2\/product_cat?post=10116"},{"taxonomy":"product_tag","embeddable":true,"href":"https:\/\/goldmidisf2.com\/es\/wp-json\/wp\/v2\/product_tag?post=10116"}],"curies":[{"name":"wp","href":"https:\/\/api.w.org\/{rel}","templated":true}]}}