{"id":10126,"date":"2025-11-13T10:09:37","date_gmt":"2025-11-13T15:09:37","guid":{"rendered":"https:\/\/goldmidisf2.com\/?post_type=product&#038;p=10126"},"modified":"2026-03-19T18:43:54","modified_gmt":"2026-03-19T23:43:54","slug":"broadwaysfkr-gm-soundfont","status":"publish","type":"product","link":"https:\/\/goldmidisf2.com\/es\/product\/broadwaysfkr-gm-soundfont\/","title":{"rendered":"BroadWaySFKR GM SoundFont"},"content":{"rendered":"<p>Formato \u00absfkr\u00bb 210 Mb comprimido | 268 instrumentos | 3191 muestras | 139 preajustes GM | 10 conjuntos de bater\u00edas y percusiones | 01 SFX | Windows.<\/p>\n<p style=\"text-align: justify;\">","protected":false},"excerpt":{"rendered":"<p style=\"text-align: justify;\"><strong>BroadWaySFKR GM SoundFont<\/strong>, est\u00e1 dise\u00f1ado para m\u00fasicos exigentes y ofrece un gran n\u00famero de instrumentos de alta calidad y con m\u00e1s din\u00e1micas. Este nuevo banco \u00absfkr\u00bb, fruto tambi\u00e9n de la colaboraci\u00f3n de m\u00fasicos profesionales, puede elevar tu m\u00fasica a un nuevo nivel. No solo enriquecer\u00e1 tus producciones sonoras, sino que tambi\u00e9n te permitir\u00e1 explorar nuevos sonidos y estilos como el jazz, el pop, el rock, el funk y mucho m\u00e1s. Experimenta la libertad creativa de trabajar con muestras de alta calidad, listas para usar en cualquier proyecto musical.<\/p>\n<p style=\"text-align: center;\"><span style=\"color: #000000;\"><span style=\"color: #ff6600;\"><a style=\"color: #ff6600;\" href=\"https:\/\/goldmidisf2.com\/wp-content\/uploads\/2025\/07\/BroadWay-GM-SoundFont.pdf\" target=\"_blank\" rel=\"noopener\">Abre aqu\u00ed la lista<\/a><\/span><\/span><\/p>\n<p style=\"text-align: center;\"><div id=\"audioigniter-9109\" class=\"audioigniter-root\" data-player-type=\"full\" data-tracks-url=\"https:\/\/goldmidisf2.com\/es\/?audioigniter_playlist_id=9109\" data-display-track-no=\"false\" data-reverse-track-order=\"false\" data-display-tracklist-covers=\"true\" data-display-active-cover=\"false\" data-display-artist-names=\"true\" data-display-buy-buttons=\"false\" data-buy-buttons-target=\"false\" data-cycle-tracks=\"false\" data-display-credits=\"false\" data-display-tracklist=\"false\" data-allow-tracklist-toggle=\"true\" data-allow-tracklist-loop=\"false\" data-limit-tracklist-height=\"false\" data-volume=\"100\" data-tracklist-height=\"185\" ><\/div><\/p>\n<p style=\"text-align: center;\">","protected":false},"featured_media":9106,"template":"","meta":[],"product_brand":[],"product_cat":[150,152,205],"product_tag":[],"class_list":{"0":"post-10126","1":"product","2":"type-product","3":"status-publish","4":"has-post-thumbnail","6":"product_cat-soundfonts-sf2","7":"product_cat-promo","8":"product_cat-banco-suoni-gm","10":"first","11":"instock","12":"sale","13":"downloadable","14":"virtual","15":"purchasable","16":"product-type-simple"},"_links":{"self":[{"href":"https:\/\/goldmidisf2.com\/es\/wp-json\/wp\/v2\/product\/10126","targetHints":{"allow":["GET"]}}],"collection":[{"href":"https:\/\/goldmidisf2.com\/es\/wp-json\/wp\/v2\/product"}],"about":[{"href":"https:\/\/goldmidisf2.com\/es\/wp-json\/wp\/v2\/types\/product"}],"wp:featuredmedia":[{"embeddable":true,"href":"https:\/\/goldmidisf2.com\/es\/wp-json\/wp\/v2\/media\/9106"}],"wp:attachment":[{"href":"https:\/\/goldmidisf2.com\/es\/wp-json\/wp\/v2\/media?parent=10126"}],"wp:term":[{"taxonomy":"product_brand","embeddable":true,"href":"https:\/\/goldmidisf2.com\/es\/wp-json\/wp\/v2\/product_brand?post=10126"},{"taxonomy":"product_cat","embeddable":true,"href":"https:\/\/goldmidisf2.com\/es\/wp-json\/wp\/v2\/product_cat?post=10126"},{"taxonomy":"product_tag","embeddable":true,"href":"https:\/\/goldmidisf2.com\/es\/wp-json\/wp\/v2\/product_tag?post=10126"}],"curies":[{"name":"wp","href":"https:\/\/api.w.org\/{rel}","templated":true}]}}