{"id":10182,"date":"2025-11-21T08:17:51","date_gmt":"2025-11-21T13:17:51","guid":{"rendered":"https:\/\/goldmidisf2.com\/?post_type=product&#038;p=10182"},"modified":"2025-12-13T11:47:30","modified_gmt":"2025-12-13T16:47:30","slug":"pipe-organs-library","status":"publish","type":"product","link":"https:\/\/goldmidisf2.com\/es\/product\/pipe-organs-library\/","title":{"rendered":"Pipe Organ&#8217;s Library"},"content":{"rendered":"<p>Formato \u00absf2\u00bb  | espacio total 790 Mb | 2482 muestras | 34 instrumentos | 15 preajustes | Windows, Mac, Android.<\/p>\n<p>Formato &#8220;sfkr&#8221; | spazio totale 210Mb | 2482 Campioni | 34 Strumenti | 15 Preset | Windows.<\/p>","protected":false},"excerpt":{"rendered":"<p style=\"text-align: justify;\"><strong>Pipe Organ&#8217;s Library<\/strong>, recopila en formato \u00absf2\u00bb y \u00absfkr\u00bb 2482 muestras realistas creadas para ofrecer 15 \u00f3rganos de tubos, con los antiguos sonidos originales utilizados en las catedrales m\u00e1s grandes del mundo. Estos \u00f3rganos aportan sin duda un enfoque fresco y funcionalidades modernas a un instrumento cl\u00e1sico.<\/p>\n<p style=\"text-align: center;\"><a href=\"https:\/\/youtu.be\/35phqBvLby4\" target=\"_blank\" rel=\"noopener\"><img loading=\"lazy\" decoding=\"async\" class=\"alignnone wp-image-8987\" src=\"https:\/\/goldmidisf2.com\/wp-content\/uploads\/2025\/06\/Youtube-logo300.jpg\" alt=\"\" width=\"148\" height=\"35\" srcset=\"https:\/\/goldmidisf2.com\/wp-content\/uploads\/2025\/06\/Youtube-logo300.jpg 300w, https:\/\/goldmidisf2.com\/wp-content\/uploads\/2025\/06\/Youtube-logo300-18x4.jpg 18w\" sizes=\"auto, (max-width: 148px) 100vw, 148px\" \/><\/a><\/p>","protected":false},"featured_media":10181,"template":"","meta":[],"product_brand":[],"product_cat":[150,154,212,172],"product_tag":[],"class_list":{"0":"post-10182","1":"product","2":"type-product","3":"status-publish","4":"has-post-thumbnail","6":"product_cat-soundfonts-sf2","7":"product_cat-soundfonts-sfkr","8":"product_cat-library","9":"product_cat-organi","11":"first","12":"instock","13":"sold-individually","14":"shipping-taxable","15":"purchasable","16":"product-type-variable"},"_links":{"self":[{"href":"https:\/\/goldmidisf2.com\/es\/wp-json\/wp\/v2\/product\/10182","targetHints":{"allow":["GET"]}}],"collection":[{"href":"https:\/\/goldmidisf2.com\/es\/wp-json\/wp\/v2\/product"}],"about":[{"href":"https:\/\/goldmidisf2.com\/es\/wp-json\/wp\/v2\/types\/product"}],"wp:featuredmedia":[{"embeddable":true,"href":"https:\/\/goldmidisf2.com\/es\/wp-json\/wp\/v2\/media\/10181"}],"wp:attachment":[{"href":"https:\/\/goldmidisf2.com\/es\/wp-json\/wp\/v2\/media?parent=10182"}],"wp:term":[{"taxonomy":"product_brand","embeddable":true,"href":"https:\/\/goldmidisf2.com\/es\/wp-json\/wp\/v2\/product_brand?post=10182"},{"taxonomy":"product_cat","embeddable":true,"href":"https:\/\/goldmidisf2.com\/es\/wp-json\/wp\/v2\/product_cat?post=10182"},{"taxonomy":"product_tag","embeddable":true,"href":"https:\/\/goldmidisf2.com\/es\/wp-json\/wp\/v2\/product_tag?post=10182"}],"curies":[{"name":"wp","href":"https:\/\/api.w.org\/{rel}","templated":true}]}}