{"id":10210,"date":"2025-11-27T12:32:56","date_gmt":"2025-11-27T17:32:56","guid":{"rendered":"https:\/\/goldmidisf2.com\/?post_type=product&#038;p=10210"},"modified":"2026-03-19T18:39:09","modified_gmt":"2026-03-19T23:39:09","slug":"guitar-django-jazz-library","status":"publish","type":"product","link":"https:\/\/goldmidisf2.com\/es\/product\/guitar-django-jazz-library\/","title":{"rendered":"Guitar Django Jazz Library"},"content":{"rendered":"<p>Formato SoundFont \u00absf2\u00bb 135 Mb, 247 muestras reales, 12 instrumentos, 7 preajustes.<\/p>\n<p><strong>Preajustes:<\/strong> Django Jazz All | Django Jazz Lead1 | Django Jazz Lead2 | Django Jazz Natural | Django Jazz Rhytm1 | Django Jazz Rhytm2 | Django Jazz Warm<\/p>\n<p>&nbsp;<\/p>","protected":false},"excerpt":{"rendered":"<p style=\"text-align: justify;\"><strong>Guitar Django Jazz Library<\/strong> con i suoi 7 preset offerti in formato &#8220;sf2&#8221;, ricrea il sound del virtuoso della chitarra Django Reinhardt, pioniere del genere gypsy jazz nato a Parigi negli anni &#8217;30. I musicisti dell&#8217;epoca non capivano di essere qualcosa di pi\u00f9 del semplice jazz. Infatti, questo stile musicale emergente divenne col tempo un sottogenere a s\u00e9 stante, riconosciuto per le sue qualit\u00e0 uniche.<\/p>\n<audio class=\"wp-audio-shortcode\" id=\"audio-10210-1\" preload=\"none\" style=\"width: 100%;\" controls=\"controls\"><source type=\"audio\/mpeg\" src=\"https:\/\/goldmidisf2.com\/wp-content\/uploads\/2025\/11\/Jazz_django.mp3?_=1\" \/><a href=\"https:\/\/goldmidisf2.com\/wp-content\/uploads\/2025\/11\/Jazz_django.mp3\">https:\/\/goldmidisf2.com\/wp-content\/uploads\/2025\/11\/Jazz_django.mp3<\/a><\/audio>","protected":false},"featured_media":10211,"template":"","meta":[],"product_brand":[],"product_cat":[150,161,212,152],"product_tag":[],"class_list":{"0":"post-10210","1":"product","2":"type-product","3":"status-publish","4":"has-post-thumbnail","6":"product_cat-soundfonts-sf2","7":"product_cat-chitarre","8":"product_cat-library","9":"product_cat-promo","11":"first","12":"instock","13":"sale","14":"downloadable","15":"virtual","16":"sold-individually","17":"purchasable","18":"product-type-simple"},"_links":{"self":[{"href":"https:\/\/goldmidisf2.com\/es\/wp-json\/wp\/v2\/product\/10210","targetHints":{"allow":["GET"]}}],"collection":[{"href":"https:\/\/goldmidisf2.com\/es\/wp-json\/wp\/v2\/product"}],"about":[{"href":"https:\/\/goldmidisf2.com\/es\/wp-json\/wp\/v2\/types\/product"}],"wp:featuredmedia":[{"embeddable":true,"href":"https:\/\/goldmidisf2.com\/es\/wp-json\/wp\/v2\/media\/10211"}],"wp:attachment":[{"href":"https:\/\/goldmidisf2.com\/es\/wp-json\/wp\/v2\/media?parent=10210"}],"wp:term":[{"taxonomy":"product_brand","embeddable":true,"href":"https:\/\/goldmidisf2.com\/es\/wp-json\/wp\/v2\/product_brand?post=10210"},{"taxonomy":"product_cat","embeddable":true,"href":"https:\/\/goldmidisf2.com\/es\/wp-json\/wp\/v2\/product_cat?post=10210"},{"taxonomy":"product_tag","embeddable":true,"href":"https:\/\/goldmidisf2.com\/es\/wp-json\/wp\/v2\/product_tag?post=10210"}],"curies":[{"name":"wp","href":"https:\/\/api.w.org\/{rel}","templated":true}]}}