{"id":10225,"date":"2025-11-29T09:38:18","date_gmt":"2025-11-29T14:38:18","guid":{"rendered":"https:\/\/goldmidisf2.com\/?post_type=product&#038;p=10225"},"modified":"2026-03-19T18:38:43","modified_gmt":"2026-03-19T23:38:43","slug":"gibson-hummingbird-library","status":"publish","type":"product","link":"https:\/\/goldmidisf2.com\/es\/product\/gibson-hummingbird-library\/","title":{"rendered":"Gibson Hummingbird Library"},"content":{"rendered":"<p>Formato SoundFont \u00absfkr\u00bb 37 Mb, 156 Mb descomprimido, 360 muestras reales, 8 instrumentos, 8 preajustes, entorno Windows.<\/p>\n<p>&nbsp;<\/p>\n<p>&nbsp;<\/p>","protected":false},"excerpt":{"rendered":"<p style=\"text-align: justify;\">La Gibson Hummingbird es una guitarra ac\u00fastica legendaria, un referente en el mundo de las guitarras ac\u00fasticas desde su introducci\u00f3n en los a\u00f1os 60, y sigue siendo una de las opciones preferidas por los m\u00fasicos que buscan una guitarra ac\u00fastica de alta calidad que combine una est\u00e9tica refinada con una calidad de sonido excepcional. Esta famosa guitarra nos ha inspirado para crear <strong>Gibson Hummingbird Library<\/strong>, una peque\u00f1a biblioteca en formato soundfont \u00absfkr\u00bb, que ofrece sonidos virtuales lo m\u00e1s reales posible, todo ello reunido en 8 preajustes y muy poco espacio.<\/p>\n<p style=\"text-align: center;\"><div id=\"audioigniter-10230\" class=\"audioigniter-root\" data-player-type=\"full\" data-tracks-url=\"https:\/\/goldmidisf2.com\/es\/?audioigniter_playlist_id=10230\" data-display-track-no=\"false\" data-reverse-track-order=\"false\" data-display-tracklist-covers=\"true\" data-display-active-cover=\"false\" data-display-artist-names=\"true\" data-display-buy-buttons=\"false\" data-buy-buttons-target=\"false\" data-cycle-tracks=\"false\" data-display-credits=\"false\" data-display-tracklist=\"false\" data-allow-tracklist-toggle=\"false\" data-allow-tracklist-loop=\"false\" data-limit-tracklist-height=\"true\" data-volume=\"100\" data-tracklist-height=\"185\" ><\/div><\/p>\n<p>&nbsp;<\/p>","protected":false},"featured_media":10228,"template":"","meta":[],"product_brand":[],"product_cat":[154,187,161,212],"product_tag":[],"class_list":{"0":"post-10225","1":"product","2":"type-product","3":"status-publish","4":"has-post-thumbnail","6":"product_cat-soundfonts-sfkr","7":"product_cat-acoustic-steel","8":"product_cat-chitarre","9":"product_cat-library","11":"first","12":"instock","13":"downloadable","14":"virtual","15":"sold-individually","16":"purchasable","17":"product-type-simple"},"_links":{"self":[{"href":"https:\/\/goldmidisf2.com\/es\/wp-json\/wp\/v2\/product\/10225","targetHints":{"allow":["GET"]}}],"collection":[{"href":"https:\/\/goldmidisf2.com\/es\/wp-json\/wp\/v2\/product"}],"about":[{"href":"https:\/\/goldmidisf2.com\/es\/wp-json\/wp\/v2\/types\/product"}],"wp:featuredmedia":[{"embeddable":true,"href":"https:\/\/goldmidisf2.com\/es\/wp-json\/wp\/v2\/media\/10228"}],"wp:attachment":[{"href":"https:\/\/goldmidisf2.com\/es\/wp-json\/wp\/v2\/media?parent=10225"}],"wp:term":[{"taxonomy":"product_brand","embeddable":true,"href":"https:\/\/goldmidisf2.com\/es\/wp-json\/wp\/v2\/product_brand?post=10225"},{"taxonomy":"product_cat","embeddable":true,"href":"https:\/\/goldmidisf2.com\/es\/wp-json\/wp\/v2\/product_cat?post=10225"},{"taxonomy":"product_tag","embeddable":true,"href":"https:\/\/goldmidisf2.com\/es\/wp-json\/wp\/v2\/product_tag?post=10225"}],"curies":[{"name":"wp","href":"https:\/\/api.w.org\/{rel}","templated":true}]}}