{"id":10854,"date":"2026-02-13T12:08:53","date_gmt":"2026-02-13T17:08:53","guid":{"rendered":"https:\/\/goldmidisf2.com\/?post_type=product&#038;p=10854"},"modified":"2026-03-18T10:00:13","modified_gmt":"2026-03-18T15:00:13","slug":"galaxysf2-gmgs-sound-banks-library","status":"publish","type":"product","link":"https:\/\/goldmidisf2.com\/es\/product\/galaxysf2-gmgs-sound-banks-library\/","title":{"rendered":"GalaxySF2 GMGS Sound Banks Library"},"content":{"rendered":"<h6>Caracter\u00edsticas principales:<\/h6>\n<ol>\n<li>GalaxySF2 GM SoundFont: Formato GM &#8220;sf2&#8221; 600MB | 222 strumenti | 137 preset GM | 8 Set di Batterie e Percussioni | 01 SFX.<\/li>\n<li>GalaxySF2 GS Synth Lead&amp;Pad | Formato GS &#8220;sf2&#8221; 139Mb | 98 strumenti | 98 preset | 799 campioni.<\/li>\n<li>GalaxySF2 GS Strings &amp; Ensemble | Formato GS &#8220;sf2&#8221; 595MB | 81 strumenti | 52 preset | 1858 campioni.<\/li>\n<li>GalaxySF2 GS Reed&amp;Pipe | Formato GS &#8220;sf2&#8221; 143MB | 35 strumenti | 25 preset | 567 campioni.<\/li>\n<li>GalaxySF2 GS Piano | Formato GS &#8220;ssf2&#8221; 440MB | 53 strumenti | 30 preset | 1370 campioni.<\/li>\n<li>GalaxySF2 GS Percussive | Formato GS &#8220;sf2&#8221; 24MB | 36 strumenti | 36 preset | 246 campioni.<\/li>\n<li>GalaxySF2 GS Organ | Formato GS &#8220;sf2&#8221; 188MB | 46 strumenti | 41 preset | 792 campioni.<\/li>\n<li>GalaxySF2 GS Guitar | Formato GS &#8220;sf2&#8221; 223Mb | 66 strumenti | 46 preset | 730 campioni.<\/li>\n<li>GalaxySF2 GS FX&amp;SFX | Formato GS &#8220;sf2&#8221; 103Mb | 130 strumenti | 130 preset | 673 campioni.<\/li>\n<li>GalaxySF2 GS Chromatic+Percussion+Ethinic | Formato GS &#8220;sf2&#8221; 69MB | 46 strumenti | 44 preset | 409.<\/li>\n<li>GalaxySF2 GS Brass | Formato GS &#8220;sf2&#8221; 120Mb | 45 strumenti | 34 preset | 523 campioni.<\/li>\n<li>GalaxySF2 GS Bass | Formato GS &#8220;sf2&#8221; 186MB | 76 strumenti | 64 preset | 754 campioni.<\/li>\n<li>GalaxySF2 GMGS Drum Kits | Formato GMGS &#8220;sf2&#8221; 360MB | 156 strumenti | 43 preset | 2346 campioni.<\/li>\n<\/ol>\n<p style=\"text-align: center;\">","protected":false},"excerpt":{"rendered":"<p style=\"text-align: justify;\"><span style=\"font-size: 16px;\"><strong><span style=\"color: #ff0000;\">GalaxySF2 GMGS Sound Banks Library<\/span><\/strong> GalaxySF2 GMGS Sound Banks Library es un gran avance para los productores musicales. No solo hemos incluido el banco General Midi est\u00e1ndar, sino tambi\u00e9n 12 bibliotecas adicionales que siguen las tablas GS de Roland. \u00bfEl resultado? M\u00e1s de 3 GB de presets cuidadosamente seleccionados con muestras ultrarrealistas. Esta fuente de sonido en formato sf2 transforma por completo la reproducci\u00f3n de archivos MIDI en GM y GS. Tanto si trabajas en producciones de Broadway, jazz, pop o rock, tendr\u00e1s acceso a sonidos profesionales que antes requer\u00edan instrumentos caros. Muestras de calidad superior, listas para usar, que dan vida a tus proyectos musicales con un realismo impresionante.<\/span><\/p>\n<p style=\"text-align: center;\"><a href=\"https:\/\/goldmidisf2.com\/wp-content\/uploads\/2026\/02\/GalaxySF2-GMGS-Sound-Banks-Library.pdf\" target=\"_blank\" rel=\"noopener\"><span style=\"color: #ff6600;\">Abrir la lista aqu\u00ed<\/span><\/a><\/p>\n<p style=\"text-align: center;\"><div id=\"audioigniter-9300\" class=\"audioigniter-root\" data-player-type=\"full\" data-tracks-url=\"https:\/\/goldmidisf2.com\/es\/?audioigniter_playlist_id=9300\" data-display-track-no=\"false\" data-reverse-track-order=\"false\" data-display-tracklist-covers=\"true\" data-display-active-cover=\"false\" data-display-artist-names=\"true\" data-display-buy-buttons=\"false\" data-buy-buttons-target=\"false\" data-cycle-tracks=\"false\" data-display-credits=\"false\" data-display-tracklist=\"false\" data-allow-tracklist-toggle=\"false\" data-allow-tracklist-loop=\"true\" data-limit-tracklist-height=\"true\" data-volume=\"100\" data-tracklist-height=\"185\" ><\/div><\/p>","protected":false},"featured_media":10856,"template":"","meta":[],"product_brand":[],"product_cat":[150,212,205,206],"product_tag":[],"class_list":{"0":"post-10854","1":"product","2":"type-product","3":"status-publish","4":"has-post-thumbnail","6":"product_cat-soundfonts-sf2","7":"product_cat-library","8":"product_cat-banco-suoni-gm","9":"product_cat-banco-suoni-gs","11":"first","12":"instock","13":"sale","14":"downloadable","15":"virtual","16":"sold-individually","17":"purchasable","18":"product-type-simple"},"_links":{"self":[{"href":"https:\/\/goldmidisf2.com\/es\/wp-json\/wp\/v2\/product\/10854","targetHints":{"allow":["GET"]}}],"collection":[{"href":"https:\/\/goldmidisf2.com\/es\/wp-json\/wp\/v2\/product"}],"about":[{"href":"https:\/\/goldmidisf2.com\/es\/wp-json\/wp\/v2\/types\/product"}],"wp:featuredmedia":[{"embeddable":true,"href":"https:\/\/goldmidisf2.com\/es\/wp-json\/wp\/v2\/media\/10856"}],"wp:attachment":[{"href":"https:\/\/goldmidisf2.com\/es\/wp-json\/wp\/v2\/media?parent=10854"}],"wp:term":[{"taxonomy":"product_brand","embeddable":true,"href":"https:\/\/goldmidisf2.com\/es\/wp-json\/wp\/v2\/product_brand?post=10854"},{"taxonomy":"product_cat","embeddable":true,"href":"https:\/\/goldmidisf2.com\/es\/wp-json\/wp\/v2\/product_cat?post=10854"},{"taxonomy":"product_tag","embeddable":true,"href":"https:\/\/goldmidisf2.com\/es\/wp-json\/wp\/v2\/product_tag?post=10854"}],"curies":[{"name":"wp","href":"https:\/\/api.w.org\/{rel}","templated":true}]}}