{"id":11357,"date":"2026-04-29T17:56:31","date_gmt":"2026-04-29T22:56:31","guid":{"rendered":"https:\/\/goldmidisf2.com\/?post_type=product&#038;p=11357"},"modified":"2026-04-29T20:15:54","modified_gmt":"2026-04-30T01:15:54","slug":"dixieland-soundfont-library","status":"publish","type":"product","link":"https:\/\/goldmidisf2.com\/es\/product\/dixieland-soundfont-library\/","title":{"rendered":"Dixieland SoundFont Library"},"content":{"rendered":"<p>Formato \u00absf2\u00bb | 164 MB de espacio total descomprimido | 40 instrumentos | 12 presets GM | 2 conjuntos de bater\u00eda y percusi\u00f3n | Windows, Mac, Android<\/p>","protected":false},"excerpt":{"rendered":"<p style=\"text-align: justify;\"><strong><span style=\"color: #ff6600;\">Dixieland SoundFont Library, <\/span><\/strong>Es una colecci\u00f3n de instrumentos de jazz tradicionales, dise\u00f1ada para recrear el sonido de gigantes del jazz como \u00abLouis Armstrong and his Hot 7\u00bb o \u00abKing Oliver\u2019s Creole Jazz Band\u00bb desde los or\u00edgenes del jazz, a principios del siglo XX. La biblioteca en formato sf2 incluye instrumentos como la corneta, el clarinete, el tromb\u00f3n, el banjo, el piano, el contrabajo y una bater\u00eda de jazz, para abordar el g\u00e9nero Dixieland con los sonidos m\u00e1s realistas posibles y recrear el sonido ic\u00f3nico de los primeros pioneros del jazz.<\/p>\n<p style=\"text-align: center;\">","protected":false},"featured_media":11358,"template":"","meta":[],"product_brand":[],"product_cat":[150,212,152],"product_tag":[],"class_list":{"0":"post-11357","1":"product","2":"type-product","3":"status-publish","4":"has-post-thumbnail","6":"product_cat-soundfonts-sf2","7":"product_cat-library","8":"product_cat-promo","10":"first","11":"instock","12":"sale","13":"downloadable","14":"virtual","15":"purchasable","16":"product-type-simple"},"_links":{"self":[{"href":"https:\/\/goldmidisf2.com\/es\/wp-json\/wp\/v2\/product\/11357","targetHints":{"allow":["GET"]}}],"collection":[{"href":"https:\/\/goldmidisf2.com\/es\/wp-json\/wp\/v2\/product"}],"about":[{"href":"https:\/\/goldmidisf2.com\/es\/wp-json\/wp\/v2\/types\/product"}],"wp:featuredmedia":[{"embeddable":true,"href":"https:\/\/goldmidisf2.com\/es\/wp-json\/wp\/v2\/media\/11358"}],"wp:attachment":[{"href":"https:\/\/goldmidisf2.com\/es\/wp-json\/wp\/v2\/media?parent=11357"}],"wp:term":[{"taxonomy":"product_brand","embeddable":true,"href":"https:\/\/goldmidisf2.com\/es\/wp-json\/wp\/v2\/product_brand?post=11357"},{"taxonomy":"product_cat","embeddable":true,"href":"https:\/\/goldmidisf2.com\/es\/wp-json\/wp\/v2\/product_cat?post=11357"},{"taxonomy":"product_tag","embeddable":true,"href":"https:\/\/goldmidisf2.com\/es\/wp-json\/wp\/v2\/product_tag?post=11357"}],"curies":[{"name":"wp","href":"https:\/\/api.w.org\/{rel}","templated":true}]}}