{"id":6641,"date":"2025-05-12T09:51:27","date_gmt":"2025-05-12T14:51:27","guid":{"rendered":"https:\/\/goldmidisf2.com\/?post_type=product&#038;p=6641"},"modified":"2026-03-19T19:11:05","modified_gmt":"2026-03-20T00:11:05","slug":"score-orchestra-sf2-library","status":"publish","type":"product","link":"https:\/\/goldmidisf2.com\/es\/product\/score-orchestra-sf2-library\/","title":{"rendered":"Score Orchestra SF2 Library"},"content":{"rendered":"<p style=\"text-align: justify;\"><strong> Formato \"sf2 <\/strong>| 560MB de espacio descomprimido | 122 instrumentos | 52 presets | 01 Percussion Sets | Windows, Mac, Android<\/p>\n<p style=\"text-align: center;\"><strong>\u00a0<\/strong><\/p>\n<p style=\"text-align: center;\">","protected":false},"excerpt":{"rendered":"<p><strong>Score Orchestra SF2 Library,<\/strong> es un paquete en formato \u201csf2\u201d dirigido especialmente a los amantes de los archivos MIDI y de g\u00e9neros musicales como el sinf\u00f3nico y el cl\u00e1sico. La colecci\u00f3n incluye instrumentos musicales como cuerdas, metales, percusi\u00f3n, piano, etc. Con una meticulosa investigaci\u00f3n, hemos conseguido reunir instrumentos musicales de la m\u00e1s alta calidad de audio, utilizando algunas de las muestras est\u00e9reo m\u00e1s realistas jam\u00e1s reproducidas en una capa virtual, adem\u00e1s de disponer de hasta 3 niveles din\u00e1micos para cada instrumento.<\/p>\n<p style=\"text-align: center;\"><a href=\"http:\/\/goldmidisf2.com\/wp-content\/uploads\/2025\/05\/Score-Orchestra-SF2-Library.pdf\" target=\"_blank\" rel=\"noopener\"><span style=\"color: #ff6600;\"><strong>Apri qui per la lista<\/strong><\/span><\/a><\/p>\n<p style=\"text-align: center;\">\u00a0 \u00a0 \u00a0\u00a0<a href=\"https:\/\/youtu.be\/iN7qbWngEZM\" target=\"_blank\" rel=\"noopener\"><img loading=\"lazy\" decoding=\"async\" class=\"alignnone wp-image-8987\" src=\"https:\/\/goldmidisf2.com\/wp-content\/uploads\/2025\/06\/Youtube-logo300.jpg\" alt=\"\" width=\"148\" height=\"35\" srcset=\"https:\/\/goldmidisf2.com\/wp-content\/uploads\/2025\/06\/Youtube-logo300.jpg 300w, https:\/\/goldmidisf2.com\/wp-content\/uploads\/2025\/06\/Youtube-logo300-18x4.jpg 18w\" sizes=\"auto, (max-width: 148px) 100vw, 148px\" \/><\/a><\/p>","protected":false},"featured_media":6671,"template":"","meta":[],"product_brand":[],"product_cat":[150,212,159],"product_tag":[],"class_list":{"0":"post-6641","1":"product","2":"type-product","3":"status-publish","4":"has-post-thumbnail","6":"product_cat-soundfonts-sf2","7":"product_cat-library","8":"product_cat-orchestra","10":"first","11":"instock","12":"downloadable","13":"virtual","14":"sold-individually","15":"purchasable","16":"product-type-simple"},"_links":{"self":[{"href":"https:\/\/goldmidisf2.com\/es\/wp-json\/wp\/v2\/product\/6641","targetHints":{"allow":["GET"]}}],"collection":[{"href":"https:\/\/goldmidisf2.com\/es\/wp-json\/wp\/v2\/product"}],"about":[{"href":"https:\/\/goldmidisf2.com\/es\/wp-json\/wp\/v2\/types\/product"}],"wp:featuredmedia":[{"embeddable":true,"href":"https:\/\/goldmidisf2.com\/es\/wp-json\/wp\/v2\/media\/6671"}],"wp:attachment":[{"href":"https:\/\/goldmidisf2.com\/es\/wp-json\/wp\/v2\/media?parent=6641"}],"wp:term":[{"taxonomy":"product_brand","embeddable":true,"href":"https:\/\/goldmidisf2.com\/es\/wp-json\/wp\/v2\/product_brand?post=6641"},{"taxonomy":"product_cat","embeddable":true,"href":"https:\/\/goldmidisf2.com\/es\/wp-json\/wp\/v2\/product_cat?post=6641"},{"taxonomy":"product_tag","embeddable":true,"href":"https:\/\/goldmidisf2.com\/es\/wp-json\/wp\/v2\/product_tag?post=6641"}],"curies":[{"name":"wp","href":"https:\/\/api.w.org\/{rel}","templated":true}]}}