{"id":6646,"date":"2025-05-12T09:51:27","date_gmt":"2025-05-12T14:51:27","guid":{"rendered":"https:\/\/goldmidisf2.com\/?post_type=product&#038;p=6646"},"modified":"2025-11-25T10:17:08","modified_gmt":"2025-11-25T15:17:08","slug":"super-choir-library","status":"publish","type":"product","link":"https:\/\/goldmidisf2.com\/es\/product\/super-choir-library\/","title":{"rendered":"Super Choir Library"},"content":{"rendered":"<p style=\"text-align: justify;\">Formato \u201csf2\u201d | 40MB de espacio total sin comprimir | 15 instrumentos | 5 presets | Windows, Mac, Android<\/p>\n<p>&nbsp;<\/p>","protected":false},"excerpt":{"rendered":"<p style=\"text-align: justify;\"><strong>Super Choir SoundFont<\/strong>, es un grupo de 5 presets, con voces y coros muestreados en alta calidad en formato \u201csf2\u201d. Combinando las diferentes muestras, pudimos obtener 5 Super Coros, explotando diferentes din\u00e1micas y voces. El trabajo nos permiti\u00f3 ofrecer m\u00faltiples combinaciones para ser explotadas en la reproducci\u00f3n MIDI y, por qu\u00e9 no, en nuestra propia producci\u00f3n de audio. Todo empaquetado en muy poco espacio, s\u00f3lo nos queda desearte buena m\u00fasica.<\/p>\n<p style=\"text-align: center;\"><div id=\"audioigniter-7470\" class=\"audioigniter-root\" data-player-type=\"full\" data-tracks-url=\"https:\/\/goldmidisf2.com\/es\/?audioigniter_playlist_id=7470\" data-display-track-no=\"true\" data-reverse-track-order=\"false\" data-display-tracklist-covers=\"false\" data-display-active-cover=\"true\" data-display-artist-names=\"false\" data-display-buy-buttons=\"true\" data-buy-buttons-target=\"false\" data-cycle-tracks=\"false\" data-display-credits=\"false\" data-display-tracklist=\"false\" data-allow-tracklist-toggle=\"false\" data-allow-tracklist-loop=\"false\" data-limit-tracklist-height=\"false\" data-volume=\"100\" data-tracklist-height=\"185\" ><\/div><\/p>\n<p style=\"text-align: center;\">","protected":false},"featured_media":6676,"template":"","meta":[],"product_brand":[],"product_cat":[150,174],"product_tag":[],"class_list":{"0":"post-6646","1":"product","2":"type-product","3":"status-publish","4":"has-post-thumbnail","6":"product_cat-soundfonts-sf2","7":"product_cat-cori","9":"first","10":"instock","11":"downloadable","12":"virtual","13":"sold-individually","14":"purchasable","15":"product-type-simple"},"_links":{"self":[{"href":"https:\/\/goldmidisf2.com\/es\/wp-json\/wp\/v2\/product\/6646","targetHints":{"allow":["GET"]}}],"collection":[{"href":"https:\/\/goldmidisf2.com\/es\/wp-json\/wp\/v2\/product"}],"about":[{"href":"https:\/\/goldmidisf2.com\/es\/wp-json\/wp\/v2\/types\/product"}],"wp:featuredmedia":[{"embeddable":true,"href":"https:\/\/goldmidisf2.com\/es\/wp-json\/wp\/v2\/media\/6676"}],"wp:attachment":[{"href":"https:\/\/goldmidisf2.com\/es\/wp-json\/wp\/v2\/media?parent=6646"}],"wp:term":[{"taxonomy":"product_brand","embeddable":true,"href":"https:\/\/goldmidisf2.com\/es\/wp-json\/wp\/v2\/product_brand?post=6646"},{"taxonomy":"product_cat","embeddable":true,"href":"https:\/\/goldmidisf2.com\/es\/wp-json\/wp\/v2\/product_cat?post=6646"},{"taxonomy":"product_tag","embeddable":true,"href":"https:\/\/goldmidisf2.com\/es\/wp-json\/wp\/v2\/product_tag?post=6646"}],"curies":[{"name":"wp","href":"https:\/\/api.w.org\/{rel}","templated":true}]}}