{"id":6661,"date":"2025-05-12T09:51:28","date_gmt":"2025-05-12T14:51:28","guid":{"rendered":"https:\/\/goldmidisf2.com\/?post_type=product&#038;p=6661"},"modified":"2026-03-19T19:09:40","modified_gmt":"2026-03-20T00:09:40","slug":"accordions-collection2-sf2","status":"publish","type":"product","link":"https:\/\/goldmidisf2.com\/es\/product\/accordions-collection2-sf2\/","title":{"rendered":"Accordeons 2 Library"},"content":{"rendered":"<p style=\"text-align: justify;\">Formato \u201csf2\u201d (16Bit 41Khz) | espacio total 78Mb descomprimido | 20 presets<\/p>\n<p style=\"text-align: justify;\"><strong>Preajustes:<\/strong> Alpen Musette <span style=\"font-size: medium;\">| Alpen<\/span><span style=\"font-size: medium;\"> | Bandoneon<\/span><span style=\"font-size: medium;\"> | Bellow<\/span><span style=\"font-size: medium;\"> | Blues Harp | Brigh Musette | Cassotto | Castellina | Conservatory | Diatonic | Francaise | French Musett | Fisa 8&#8242; | Guerrini Violin | Guerrini | Jazz Accordion | Musette | Reed 8&#8242; | Steirisch | Tango<\/span><\/p>","protected":false},"excerpt":{"rendered":"<p style=\"text-align: justify;\"><strong>Accordeons 2 Library<\/strong>, es una colecci\u00f3n de 20 de los tipos y sonidos de acorde\u00f3n m\u00e1s populares en Europa, especialmente en Italia. Con muestras de 16 bits - 41 Khz, esta colecci\u00f3n ofrece una amplia gama de tonos para reproducci\u00f3n MIDI con una excelente salida de audio.<\/p>\n<p style=\"text-align: center;\"><div id=\"audioigniter-7107\" class=\"audioigniter-root\" data-player-type=\"full\" data-tracks-url=\"https:\/\/goldmidisf2.com\/es\/?audioigniter_playlist_id=7107\" data-display-track-no=\"true\" data-reverse-track-order=\"false\" data-display-tracklist-covers=\"false\" data-display-active-cover=\"true\" data-display-artist-names=\"false\" data-display-buy-buttons=\"true\" data-buy-buttons-target=\"false\" data-cycle-tracks=\"false\" data-display-credits=\"false\" data-display-tracklist=\"false\" data-allow-tracklist-toggle=\"false\" data-allow-tracklist-loop=\"false\" data-limit-tracklist-height=\"false\" data-volume=\"100\" data-tracklist-height=\"185\" ><\/div><\/p>","protected":false},"featured_media":6857,"template":"","meta":[],"product_brand":[],"product_cat":[150,166,164,152],"product_tag":[],"class_list":{"0":"post-6661","1":"product","2":"type-product","3":"status-publish","4":"has-post-thumbnail","6":"product_cat-soundfonts-sf2","7":"product_cat-accordeon","8":"product_cat-keyboard","9":"product_cat-promo","11":"first","12":"instock","13":"sale","14":"downloadable","15":"virtual","16":"sold-individually","17":"purchasable","18":"product-type-simple"},"_links":{"self":[{"href":"https:\/\/goldmidisf2.com\/es\/wp-json\/wp\/v2\/product\/6661","targetHints":{"allow":["GET"]}}],"collection":[{"href":"https:\/\/goldmidisf2.com\/es\/wp-json\/wp\/v2\/product"}],"about":[{"href":"https:\/\/goldmidisf2.com\/es\/wp-json\/wp\/v2\/types\/product"}],"wp:featuredmedia":[{"embeddable":true,"href":"https:\/\/goldmidisf2.com\/es\/wp-json\/wp\/v2\/media\/6857"}],"wp:attachment":[{"href":"https:\/\/goldmidisf2.com\/es\/wp-json\/wp\/v2\/media?parent=6661"}],"wp:term":[{"taxonomy":"product_brand","embeddable":true,"href":"https:\/\/goldmidisf2.com\/es\/wp-json\/wp\/v2\/product_brand?post=6661"},{"taxonomy":"product_cat","embeddable":true,"href":"https:\/\/goldmidisf2.com\/es\/wp-json\/wp\/v2\/product_cat?post=6661"},{"taxonomy":"product_tag","embeddable":true,"href":"https:\/\/goldmidisf2.com\/es\/wp-json\/wp\/v2\/product_tag?post=6661"}],"curies":[{"name":"wp","href":"https:\/\/api.w.org\/{rel}","templated":true}]}}