{"id":6689,"date":"2025-05-12T09:51:49","date_gmt":"2025-05-12T14:51:49","guid":{"rendered":"https:\/\/goldmidisf2.com\/?post_type=product&#038;p=6689"},"modified":"2026-03-16T12:16:15","modified_gmt":"2026-03-16T17:16:15","slug":"guitar-funky-library-sf2","status":"publish","type":"product","link":"https:\/\/goldmidisf2.com\/es\/product\/guitar-funky-library-sf2\/","title":{"rendered":"Guitar Funky Library"},"content":{"rendered":"<p><strong>Formato \"sf2<\/strong> | Espacio total 30Mb | Windows, MAC, Android<\/p>\n<p><strong>Preajustes:<\/strong> GT Funky Pop 1 | GT Funky Pop 2 | GT Funky Pop 3 | GT Funky Pop 4 | GT Funky Mute<\/p>","protected":false},"excerpt":{"rendered":"<p style=\"text-align: justify;\"><strong>Guitar Funky Library<\/strong>, re\u00fane 5 soundfonts para el g\u00e9nero Funky en formato \u201csf2\u201d, con diferentes tonos obtenidos a partir de muestras reales. Nuestro trabajo nos permiti\u00f3 crear presets con m\u00e1s de una din\u00e1mica en el menor espacio posible, sin alterar la calidad del sonido.<\/p>","protected":false},"featured_media":6719,"template":"","meta":[],"product_brand":[],"product_cat":[150,161,188,149,212],"product_tag":[],"class_list":{"0":"post-6689","1":"product","2":"type-product","3":"status-publish","4":"has-post-thumbnail","6":"product_cat-soundfonts-sf2","7":"product_cat-chitarre","8":"product_cat-electric","9":"product_cat-gratis","10":"product_cat-library","12":"first","13":"instock","14":"downloadable","15":"virtual","16":"sold-individually","17":"purchasable","18":"product-type-simple"},"_links":{"self":[{"href":"https:\/\/goldmidisf2.com\/es\/wp-json\/wp\/v2\/product\/6689","targetHints":{"allow":["GET"]}}],"collection":[{"href":"https:\/\/goldmidisf2.com\/es\/wp-json\/wp\/v2\/product"}],"about":[{"href":"https:\/\/goldmidisf2.com\/es\/wp-json\/wp\/v2\/types\/product"}],"wp:featuredmedia":[{"embeddable":true,"href":"https:\/\/goldmidisf2.com\/es\/wp-json\/wp\/v2\/media\/6719"}],"wp:attachment":[{"href":"https:\/\/goldmidisf2.com\/es\/wp-json\/wp\/v2\/media?parent=6689"}],"wp:term":[{"taxonomy":"product_brand","embeddable":true,"href":"https:\/\/goldmidisf2.com\/es\/wp-json\/wp\/v2\/product_brand?post=6689"},{"taxonomy":"product_cat","embeddable":true,"href":"https:\/\/goldmidisf2.com\/es\/wp-json\/wp\/v2\/product_cat?post=6689"},{"taxonomy":"product_tag","embeddable":true,"href":"https:\/\/goldmidisf2.com\/es\/wp-json\/wp\/v2\/product_tag?post=6689"}],"curies":[{"name":"wp","href":"https:\/\/api.w.org\/{rel}","templated":true}]}}