{"id":6691,"date":"2025-05-12T09:51:49","date_gmt":"2025-05-12T14:51:49","guid":{"rendered":"https:\/\/goldmidisf2.com\/?post_type=product&#038;p=6691"},"modified":"2025-11-25T10:17:20","modified_gmt":"2025-11-25T15:17:20","slug":"guitar-acoustic-the-best","status":"publish","type":"product","link":"https:\/\/goldmidisf2.com\/es\/product\/guitar-acoustic-the-best\/","title":{"rendered":"Guitar Acoustic The Best"},"content":{"rendered":"<p><strong>Biblioteca de formatos<\/strong> &#8220;<em>sf2<\/em>\" 350Mb | 10 Preajustes | Windows, MAC, Android<\/p>\n<p style=\"text-align: justify;\"><strong>Preajustes:\u00a0<\/strong> GT Acostic Fender | GT Acoustic Crafter | GT Acoustic Ibanez | Gtr Acoustic Martin | GT Acoustic Relic | GT Acoustic Seagull | Gtr Ac Warme | GT Gibson J45 Stereo | GT Ovation Custom Legend | GT Takamine GN93NAT<\/p>","protected":false},"excerpt":{"rendered":"<p style=\"text-align: justify;\"><strong>Guitar Acoustic The BestLibreria<\/strong>\u00a0formato \u201c<em>sf2<\/em>\" es una de las mejores colecciones de guitarras ac\u00fasticas de las marcas m\u00e1s famosas del mundo, todas ellas empaquetadas en 350 Mb de espacio. Muestras espectaculares y realistas har\u00e1n que tus producciones parezcan poco menos que profesionales.<\/p>\n<p style=\"text-align: center;\"><div id=\"audioigniter-7337\" class=\"audioigniter-root\" data-player-type=\"full\" data-tracks-url=\"https:\/\/goldmidisf2.com\/es\/?audioigniter_playlist_id=7337\" data-display-track-no=\"true\" data-reverse-track-order=\"false\" data-display-tracklist-covers=\"false\" data-display-active-cover=\"true\" data-display-artist-names=\"false\" data-display-buy-buttons=\"true\" data-buy-buttons-target=\"false\" data-cycle-tracks=\"false\" data-display-credits=\"false\" data-display-tracklist=\"false\" data-allow-tracklist-toggle=\"false\" data-allow-tracklist-loop=\"false\" data-limit-tracklist-height=\"false\" data-volume=\"100\" data-tracklist-height=\"185\" ><\/div><\/p>","protected":false},"featured_media":6721,"template":"","meta":[],"product_brand":[],"product_cat":[150,187,161,212],"product_tag":[],"class_list":{"0":"post-6691","1":"product","2":"type-product","3":"status-publish","4":"has-post-thumbnail","6":"product_cat-soundfonts-sf2","7":"product_cat-acoustic-steel","8":"product_cat-chitarre","9":"product_cat-library","11":"first","12":"instock","13":"downloadable","14":"virtual","15":"sold-individually","16":"purchasable","17":"product-type-simple"},"_links":{"self":[{"href":"https:\/\/goldmidisf2.com\/es\/wp-json\/wp\/v2\/product\/6691","targetHints":{"allow":["GET"]}}],"collection":[{"href":"https:\/\/goldmidisf2.com\/es\/wp-json\/wp\/v2\/product"}],"about":[{"href":"https:\/\/goldmidisf2.com\/es\/wp-json\/wp\/v2\/types\/product"}],"wp:featuredmedia":[{"embeddable":true,"href":"https:\/\/goldmidisf2.com\/es\/wp-json\/wp\/v2\/media\/6721"}],"wp:attachment":[{"href":"https:\/\/goldmidisf2.com\/es\/wp-json\/wp\/v2\/media?parent=6691"}],"wp:term":[{"taxonomy":"product_brand","embeddable":true,"href":"https:\/\/goldmidisf2.com\/es\/wp-json\/wp\/v2\/product_brand?post=6691"},{"taxonomy":"product_cat","embeddable":true,"href":"https:\/\/goldmidisf2.com\/es\/wp-json\/wp\/v2\/product_cat?post=6691"},{"taxonomy":"product_tag","embeddable":true,"href":"https:\/\/goldmidisf2.com\/es\/wp-json\/wp\/v2\/product_tag?post=6691"}],"curies":[{"name":"wp","href":"https:\/\/api.w.org\/{rel}","templated":true}]}}