{"id":6703,"date":"2025-05-12T09:51:49","date_gmt":"2025-05-12T14:51:49","guid":{"rendered":"https:\/\/goldmidisf2.com\/?post_type=product&#038;p=6703"},"modified":"2026-03-19T19:03:31","modified_gmt":"2026-03-20T00:03:31","slug":"guitar-nylon1-library","status":"publish","type":"product","link":"https:\/\/goldmidisf2.com\/es\/product\/guitar-nylon1-library\/","title":{"rendered":"Guitars Nylon1 Library"},"content":{"rendered":"<p>Formato &#8220;sf2&#8221;\u00a0 | spazio totale 105Mb | 6 Guitars Nylon | Windows, Mac, Android<strong>Preajustes:\u00a0<\/strong><\/p>\n<p><strong>Preajustes:\u00a0 <\/strong>Gtr Nylon Classic A |\u00a0 Gtr Ny Flamenco | Gtr Nylon GN1 | Gtr Nylon Soft 1 | Gtr Picked Nylon S1 | Gtr Nylon AG1<\/p>","protected":false},"excerpt":{"rendered":"<p style=\"text-align: justify;\">Peque\u00f1a librer\u00eda de 6 guitarras cl\u00e1sicas (Nylon) hasta 4 din\u00e1micas, con las mejores muestras para aquellos que quieran crear y reproducir archivos MIDI y Karaoke con una calidad excepcional.<\/p>\n<p style=\"text-align: center;\"><div id=\"audioigniter-7295\" class=\"audioigniter-root\" data-player-type=\"full\" data-tracks-url=\"https:\/\/goldmidisf2.com\/es\/?audioigniter_playlist_id=7295\" data-display-track-no=\"true\" data-reverse-track-order=\"false\" data-display-tracklist-covers=\"false\" data-display-active-cover=\"true\" data-display-artist-names=\"false\" data-display-buy-buttons=\"true\" data-buy-buttons-target=\"false\" data-cycle-tracks=\"false\" data-display-credits=\"false\" data-display-tracklist=\"false\" data-allow-tracklist-toggle=\"false\" data-allow-tracklist-loop=\"false\" data-limit-tracklist-height=\"false\" data-volume=\"100\" data-tracklist-height=\"185\" ><\/div><\/p>","protected":false},"featured_media":6732,"template":"","meta":[],"product_brand":[],"product_cat":[150,161,212,185],"product_tag":[],"class_list":{"0":"post-6703","1":"product","2":"type-product","3":"status-publish","4":"has-post-thumbnail","6":"product_cat-soundfonts-sf2","7":"product_cat-chitarre","8":"product_cat-library","9":"product_cat-nylon","11":"first","12":"instock","13":"downloadable","14":"sold-individually","15":"shipping-taxable","16":"purchasable","17":"product-type-simple"},"_links":{"self":[{"href":"https:\/\/goldmidisf2.com\/es\/wp-json\/wp\/v2\/product\/6703","targetHints":{"allow":["GET"]}}],"collection":[{"href":"https:\/\/goldmidisf2.com\/es\/wp-json\/wp\/v2\/product"}],"about":[{"href":"https:\/\/goldmidisf2.com\/es\/wp-json\/wp\/v2\/types\/product"}],"wp:featuredmedia":[{"embeddable":true,"href":"https:\/\/goldmidisf2.com\/es\/wp-json\/wp\/v2\/media\/6732"}],"wp:attachment":[{"href":"https:\/\/goldmidisf2.com\/es\/wp-json\/wp\/v2\/media?parent=6703"}],"wp:term":[{"taxonomy":"product_brand","embeddable":true,"href":"https:\/\/goldmidisf2.com\/es\/wp-json\/wp\/v2\/product_brand?post=6703"},{"taxonomy":"product_cat","embeddable":true,"href":"https:\/\/goldmidisf2.com\/es\/wp-json\/wp\/v2\/product_cat?post=6703"},{"taxonomy":"product_tag","embeddable":true,"href":"https:\/\/goldmidisf2.com\/es\/wp-json\/wp\/v2\/product_tag?post=6703"}],"curies":[{"name":"wp","href":"https:\/\/api.w.org\/{rel}","templated":true}]}}