{"id":6704,"date":"2025-05-12T09:51:49","date_gmt":"2025-05-12T14:51:49","guid":{"rendered":"https:\/\/goldmidisf2.com\/?post_type=product&#038;p=6704"},"modified":"2026-03-19T19:02:48","modified_gmt":"2026-03-20T00:02:48","slug":"guitar-nylon2-library","status":"publish","type":"product","link":"https:\/\/goldmidisf2.com\/es\/product\/guitar-nylon2-library\/","title":{"rendered":"Guitars Nylon2 Library"},"content":{"rendered":"<p>Formato &#8220;sf2&#8221;\u00a0 | spazio totale 310Mb | 18 Preset Guitars Nylon | 89 Strumenti | Windows, Mac, Android<\/p>\n<p><strong>Preajustes:<\/strong> Gtr Nylon AG1 | Gtr Nylon AG2 | Gtr Nylon AG3 | Gtr Nylon Classic A | Gtr Nylon Classic B | Gtr Nylon Classic C<br \/>\nGtr Ny Flamenco | Gtr Nylon GN1 | Gtr Nylon GN2 | Gtr Nylon GN3 | Gtr Nylon Soft 1 | Gtr Nylon Soft 2 | Gtr\u00a0Nylon Soft 3<br \/>\nGtr Nylon Spanish | Gtr Nylon Gtr S1 | Gtr Picked Nylon Gtr S2 | Gtr Picked Nylon Gtr S3 | Gtr\u00a0Concert Yamaha<\/p>","protected":false},"excerpt":{"rendered":"<p style=\"text-align: justify;\">Excepcional librer\u00eda de 18 guitarras cl\u00e1sicas (Nylon) de hasta 4 din\u00e1micas, creada con una cuidada y m\u00edtica selecci\u00f3n de samples de calidad real.<\/p>\n<p style=\"text-align: center;\"><div id=\"audioigniter-7284\" class=\"audioigniter-root\" data-player-type=\"full\" data-tracks-url=\"https:\/\/goldmidisf2.com\/es\/?audioigniter_playlist_id=7284\" data-display-track-no=\"true\" data-reverse-track-order=\"false\" data-display-tracklist-covers=\"false\" data-display-active-cover=\"true\" data-display-artist-names=\"false\" data-display-buy-buttons=\"true\" data-buy-buttons-target=\"false\" data-cycle-tracks=\"false\" data-display-credits=\"false\" data-display-tracklist=\"false\" data-allow-tracklist-toggle=\"false\" data-allow-tracklist-loop=\"false\" data-limit-tracklist-height=\"false\" data-volume=\"100\" data-tracklist-height=\"185\" ><\/div><\/p>","protected":false},"featured_media":6733,"template":"","meta":[],"product_brand":[],"product_cat":[150,161,212,185],"product_tag":[],"class_list":{"0":"post-6704","1":"product","2":"type-product","3":"status-publish","4":"has-post-thumbnail","6":"product_cat-soundfonts-sf2","7":"product_cat-chitarre","8":"product_cat-library","9":"product_cat-nylon","11":"first","12":"instock","13":"downloadable","14":"virtual","15":"sold-individually","16":"purchasable","17":"product-type-simple"},"_links":{"self":[{"href":"https:\/\/goldmidisf2.com\/es\/wp-json\/wp\/v2\/product\/6704","targetHints":{"allow":["GET"]}}],"collection":[{"href":"https:\/\/goldmidisf2.com\/es\/wp-json\/wp\/v2\/product"}],"about":[{"href":"https:\/\/goldmidisf2.com\/es\/wp-json\/wp\/v2\/types\/product"}],"wp:featuredmedia":[{"embeddable":true,"href":"https:\/\/goldmidisf2.com\/es\/wp-json\/wp\/v2\/media\/6733"}],"wp:attachment":[{"href":"https:\/\/goldmidisf2.com\/es\/wp-json\/wp\/v2\/media?parent=6704"}],"wp:term":[{"taxonomy":"product_brand","embeddable":true,"href":"https:\/\/goldmidisf2.com\/es\/wp-json\/wp\/v2\/product_brand?post=6704"},{"taxonomy":"product_cat","embeddable":true,"href":"https:\/\/goldmidisf2.com\/es\/wp-json\/wp\/v2\/product_cat?post=6704"},{"taxonomy":"product_tag","embeddable":true,"href":"https:\/\/goldmidisf2.com\/es\/wp-json\/wp\/v2\/product_tag?post=6704"}],"curies":[{"name":"wp","href":"https:\/\/api.w.org\/{rel}","templated":true}]}}