{"id":6738,"date":"2025-05-12T09:52:11","date_gmt":"2025-05-12T14:52:11","guid":{"rendered":"https:\/\/goldmidisf2.com\/?post_type=product&#038;p=6738"},"modified":"2026-03-16T12:14:41","modified_gmt":"2026-03-16T17:14:41","slug":"acoustic-piano-best-library","status":"publish","type":"product","link":"https:\/\/goldmidisf2.com\/es\/product\/acoustic-piano-best-library\/","title":{"rendered":"Acoustic Piano Best Library"},"content":{"rendered":"<p><strong>Preajustes:\u00a0<\/strong> Acoustic Cuban | Amber Upright | Bosendorfer Dynamic | Chroma Grand | Concert Grand | Cool Jazz | Dumped Gold Dynamic Grand | Eur Grand | Gold Grand | Strong Grand | Upright Grand | ZAP Grand<\/p>","protected":false},"excerpt":{"rendered":"<p style=\"text-align: justify;\"><strong>Acoustic Piano Best Library,<\/strong> es una librer\u00eda c de planos ac\u00fasticos para Kontakt y 11 planos ac\u00fasticos en formato \u201csf2\u201d y \u201csfkr\u201d, realizados en un peque\u00f1o espacio con muestras reales de hasta 6 din\u00e1micas.<\/p>\n<p><a href=\"https:\/\/youtu.be\/NZjjme6hwFQ\" target=\"_blank\" rel=\"noopener\"><img loading=\"lazy\" decoding=\"async\" class=\"wp-image-8987 aligncenter\" src=\"https:\/\/goldmidisf2.com\/wp-content\/uploads\/2025\/06\/Youtube-logo300.jpg\" alt=\"\" width=\"152\" height=\"36\" srcset=\"https:\/\/goldmidisf2.com\/wp-content\/uploads\/2025\/06\/Youtube-logo300.jpg 300w, https:\/\/goldmidisf2.com\/wp-content\/uploads\/2025\/06\/Youtube-logo300-18x4.jpg 18w\" sizes=\"auto, (max-width: 152px) 100vw, 152px\" \/><\/a><\/p>","protected":false},"featured_media":6768,"template":"","meta":[],"product_brand":[],"product_cat":[150,154,149,164,156,212,176],"product_tag":[],"class_list":{"0":"post-6738","1":"product","2":"type-product","3":"status-publish","4":"has-post-thumbnail","6":"product_cat-soundfonts-sf2","7":"product_cat-soundfonts-sfkr","8":"product_cat-gratis","9":"product_cat-keyboard","10":"product_cat-kontakt","11":"product_cat-library","12":"product_cat-piano","14":"first","15":"instock","16":"sale","17":"sold-individually","18":"shipping-taxable","19":"purchasable","20":"product-type-variable"},"_links":{"self":[{"href":"https:\/\/goldmidisf2.com\/es\/wp-json\/wp\/v2\/product\/6738","targetHints":{"allow":["GET"]}}],"collection":[{"href":"https:\/\/goldmidisf2.com\/es\/wp-json\/wp\/v2\/product"}],"about":[{"href":"https:\/\/goldmidisf2.com\/es\/wp-json\/wp\/v2\/types\/product"}],"wp:featuredmedia":[{"embeddable":true,"href":"https:\/\/goldmidisf2.com\/es\/wp-json\/wp\/v2\/media\/6768"}],"wp:attachment":[{"href":"https:\/\/goldmidisf2.com\/es\/wp-json\/wp\/v2\/media?parent=6738"}],"wp:term":[{"taxonomy":"product_brand","embeddable":true,"href":"https:\/\/goldmidisf2.com\/es\/wp-json\/wp\/v2\/product_brand?post=6738"},{"taxonomy":"product_cat","embeddable":true,"href":"https:\/\/goldmidisf2.com\/es\/wp-json\/wp\/v2\/product_cat?post=6738"},{"taxonomy":"product_tag","embeddable":true,"href":"https:\/\/goldmidisf2.com\/es\/wp-json\/wp\/v2\/product_tag?post=6738"}],"curies":[{"name":"wp","href":"https:\/\/api.w.org\/{rel}","templated":true}]}}