{"id":6787,"date":"2025-05-12T09:52:28","date_gmt":"2025-05-12T14:52:28","guid":{"rendered":"https:\/\/goldmidisf2.com\/?post_type=product&#038;p=6787"},"modified":"2025-12-06T10:29:53","modified_gmt":"2025-12-06T15:29:53","slug":"ad2-explorer-drums-library-2","status":"publish","type":"product","link":"https:\/\/goldmidisf2.com\/es\/product\/ad2-explorer-drums-library-2\/","title":{"rendered":"AD2 Explorer Drums Library"},"content":{"rendered":"<p dir=\"ltr\" data-placeholder=\"Traduzione\" data-ved=\"2ahUKEwi_ldKR04mKAxX_SDABHTXIOeQQ3ewLegQICxAT\" aria-label=\"Testo tradotto: Cinematic Strings 2 \u00e8 una libreria di campioni orchestrali molto amata, rinomata per il suo suono eccezionale e per la sua interfaccia facile da usare. Registrato in una grande sala da concerto, CS2 ha un suono caldo e rigoglioso ed \u00e8 una delle librerie di archi di livello professionale pi\u00f9 facili da usare sul mercato. Rilasciata originariamente nel 2012, CS2 \u00e8 stata la nostra prima importante libreria di campioni di archi e ha aperto la strada alla nostra gamma orchestrale pi\u00f9 avanzata &quot;Cinematic Studio Series&quot;. Si fonde bene anche con tutte le librerie pi\u00f9 recenti.\"><strong>Lista de preajustes :<\/strong><\/p>\n<p dir=\"ltr\" style=\"text-align: justify;\" data-placeholder=\"Traduzione\" data-ved=\"2ahUKEwi_ldKR04mKAxX_SDABHTXIOeQQ3ewLegQICxAT\" aria-label=\"Testo tradotto: Cinematic Strings 2 \u00e8 una libreria di campioni orchestrali molto amata, rinomata per il suo suono eccezionale e per la sua interfaccia facile da usare. Registrato in una grande sala da concerto, CS2 ha un suono caldo e rigoglioso ed \u00e8 una delle librerie di archi di livello professionale pi\u00f9 facili da usare sul mercato. Rilasciata originariamente nel 2012, CS2 \u00e8 stata la nostra prima importante libreria di campioni di archi e ha aperto la strada alla nostra gamma orchestrale pi\u00f9 avanzata &quot;Cinematic Studio Series&quot;. Si fonde bene anche con tutte le librerie pi\u00f9 recenti.\">Dry Room | Medium Sized | Acoustic Pop | Wor Out Head | Chicago Jazz | Augmented Reality | Kooks Room | That Snare Dub Bass | Hard Hitting | My Aurora | Para Metal | Tuned Low | Fat And Grainy | Break Kit | \u00a0DnB Kit | Wanna Dance | Hip Murd | Animal In My Band | Kind of Owl | Nosy | Dino Beat Zarpeggio | Cyborg Invasion | Synth Drums | OH And Room<\/p>\n<p><strong>\u00a0<\/strong><\/p>\n<p style=\"text-align: center;\">","protected":false},"excerpt":{"rendered":"<p id=\"tw-target-text\" class=\"tw-data-text tw-text-large tw-ta\" dir=\"ltr\" style=\"text-align: justify;\" data-placeholder=\"Traduzione\" data-ved=\"2ahUKEwi_ldKR04mKAxX_SDABHTXIOeQQ3ewLegQICxAT\" aria-label=\"Testo tradotto: Cinematic Strings 2 \u00e8 una libreria di campioni orchestrali molto amata, rinomata per il suo suono eccezionale e per la sua interfaccia facile da usare. Registrato in una grande sala da concerto, CS2 ha un suono caldo e rigoglioso ed \u00e8 una delle librerie di archi di livello professionale pi\u00f9 facili da usare sul mercato. Rilasciata originariamente nel 2012, CS2 \u00e8 stata la nostra prima importante libreria di campioni di archi e ha aperto la strada alla nostra gamma orchestrale pi\u00f9 avanzata &quot;Cinematic Studio Series&quot;. Si fonde bene anche con tutte le librerie pi\u00f9 recenti.\"><span class=\"Y2IQFc\" lang=\"it\"><strong>AD2 Explorer Drums Library SoundFont<\/strong>, es una extraordinaria librer\u00eda en formato GM \u201csf2\u201d y \u201csfkr\u201d, que reproduce fielmente los famosos timbres de <strong><em>Addictive Drums 2<\/em> <em>Explorer<\/em><\/strong> . Incluye las mejores muestras de las marcas m\u00e1s famosas de Snare, Tom, HiHat, Crash, Ride, Kick y m\u00e1s, todas recogidas en 26 magn\u00edficos presets. <\/span><\/p>\n<p dir=\"ltr\" data-placeholder=\"Traduzione\" data-ved=\"2ahUKEwi_ldKR04mKAxX_SDABHTXIOeQQ3ewLegQICxAT\" aria-label=\"Testo tradotto: Cinematic Strings 2 \u00e8 una libreria di campioni orchestrali molto amata, rinomata per il suo suono eccezionale e per la sua interfaccia facile da usare. Registrato in una grande sala da concerto, CS2 ha un suono caldo e rigoglioso ed \u00e8 una delle librerie di archi di livello professionale pi\u00f9 facili da usare sul mercato. Rilasciata originariamente nel 2012, CS2 \u00e8 stata la nostra prima importante libreria di campioni di archi e ha aperto la strada alla nostra gamma orchestrale pi\u00f9 avanzata &quot;Cinematic Studio Series&quot;. Si fonde bene anche con tutte le librerie pi\u00f9 recenti.\"><a href=\"https:\/\/youtu.be\/ogwlezY1VEw\" target=\"_blank\" rel=\"noopener\"><img loading=\"lazy\" decoding=\"async\" class=\"wp-image-8987 aligncenter\" src=\"https:\/\/goldmidisf2.com\/wp-content\/uploads\/2025\/06\/Youtube-logo300.jpg\" alt=\"\" width=\"148\" height=\"35\" srcset=\"https:\/\/goldmidisf2.com\/wp-content\/uploads\/2025\/06\/Youtube-logo300.jpg 300w, https:\/\/goldmidisf2.com\/wp-content\/uploads\/2025\/06\/Youtube-logo300-18x4.jpg 18w\" sizes=\"auto, (max-width: 148px) 100vw, 148px\" \/><\/a><\/p>","protected":false},"featured_media":6806,"template":"","meta":[],"product_brand":[],"product_cat":[150,154,163,212],"product_tag":[],"class_list":{"0":"post-6787","1":"product","2":"type-product","3":"status-publish","4":"has-post-thumbnail","6":"product_cat-soundfonts-sf2","7":"product_cat-soundfonts-sfkr","8":"product_cat-batterie-percussioni","9":"product_cat-library","11":"first","12":"instock","13":"sale","14":"sold-individually","15":"shipping-taxable","16":"purchasable","17":"product-type-variable"},"_links":{"self":[{"href":"https:\/\/goldmidisf2.com\/es\/wp-json\/wp\/v2\/product\/6787","targetHints":{"allow":["GET"]}}],"collection":[{"href":"https:\/\/goldmidisf2.com\/es\/wp-json\/wp\/v2\/product"}],"about":[{"href":"https:\/\/goldmidisf2.com\/es\/wp-json\/wp\/v2\/types\/product"}],"wp:featuredmedia":[{"embeddable":true,"href":"https:\/\/goldmidisf2.com\/es\/wp-json\/wp\/v2\/media\/6806"}],"wp:attachment":[{"href":"https:\/\/goldmidisf2.com\/es\/wp-json\/wp\/v2\/media?parent=6787"}],"wp:term":[{"taxonomy":"product_brand","embeddable":true,"href":"https:\/\/goldmidisf2.com\/es\/wp-json\/wp\/v2\/product_brand?post=6787"},{"taxonomy":"product_cat","embeddable":true,"href":"https:\/\/goldmidisf2.com\/es\/wp-json\/wp\/v2\/product_cat?post=6787"},{"taxonomy":"product_tag","embeddable":true,"href":"https:\/\/goldmidisf2.com\/es\/wp-json\/wp\/v2\/product_tag?post=6787"}],"curies":[{"name":"wp","href":"https:\/\/api.w.org\/{rel}","templated":true}]}}