{"id":6791,"date":"2025-05-12T09:52:28","date_gmt":"2025-05-12T14:52:28","guid":{"rendered":"https:\/\/goldmidisf2.com\/?post_type=product&#038;p=6791"},"modified":"2026-04-19T12:33:20","modified_gmt":"2026-04-19T17:33:20","slug":"jam-bass-library-sf2-2","status":"publish","type":"product","link":"https:\/\/goldmidisf2.com\/es\/product\/jam-bass-library-sf2-2\/","title":{"rendered":"Jam Bass Library SF2"},"content":{"rendered":"<p style=\"text-align: justify;\"><strong>Formato\u00a0 \u201csf2\u201d<\/strong> | espacio total 150Mb<\/p>\n<p style=\"text-align: justify;\"><strong>Preajustes:<\/strong> Jam B. Clean | Jam B. Come forward | Jam B. Deep Punch | Jam B. Disco | Jam Bass Flanger | Jam B. Fat Amp | Jam B. Funky Mid | Jam B. Hybrid Punch | Jam B. Live Stage | Jam B. Slap &amp; Pop Jam B. Slap Amp | Jam B. Slap Thin | Jam B. Slap<\/p>\n<p>&nbsp;<\/p>","protected":false},"excerpt":{"rendered":"<p><strong>Jam Bass Library SF2, <\/strong>recoge 12 Bajos El\u00e9ctricos con muestras y sonidos de alta calidad, muy \u00fatiles para quienes deseen crear un sonido excepcional utilizando archivos MIDI a trav\u00e9s de la tecnolog\u00eda SoundFont.<\/p>","protected":false},"featured_media":11328,"template":"","meta":[],"product_brand":[],"product_cat":[150,169,212],"product_tag":[],"class_list":{"0":"post-6791","1":"product","2":"type-product","3":"status-publish","4":"has-post-thumbnail","6":"product_cat-soundfonts-sf2","7":"product_cat-bassi","8":"product_cat-library","10":"first","11":"instock","12":"downloadable","13":"virtual","14":"sold-individually","15":"purchasable","16":"product-type-simple"},"_links":{"self":[{"href":"https:\/\/goldmidisf2.com\/es\/wp-json\/wp\/v2\/product\/6791","targetHints":{"allow":["GET"]}}],"collection":[{"href":"https:\/\/goldmidisf2.com\/es\/wp-json\/wp\/v2\/product"}],"about":[{"href":"https:\/\/goldmidisf2.com\/es\/wp-json\/wp\/v2\/types\/product"}],"wp:featuredmedia":[{"embeddable":true,"href":"https:\/\/goldmidisf2.com\/es\/wp-json\/wp\/v2\/media\/11328"}],"wp:attachment":[{"href":"https:\/\/goldmidisf2.com\/es\/wp-json\/wp\/v2\/media?parent=6791"}],"wp:term":[{"taxonomy":"product_brand","embeddable":true,"href":"https:\/\/goldmidisf2.com\/es\/wp-json\/wp\/v2\/product_brand?post=6791"},{"taxonomy":"product_cat","embeddable":true,"href":"https:\/\/goldmidisf2.com\/es\/wp-json\/wp\/v2\/product_cat?post=6791"},{"taxonomy":"product_tag","embeddable":true,"href":"https:\/\/goldmidisf2.com\/es\/wp-json\/wp\/v2\/product_tag?post=6791"}],"curies":[{"name":"wp","href":"https:\/\/api.w.org\/{rel}","templated":true}]}}