{"id":7575,"date":"2025-06-26T12:25:39","date_gmt":"2025-06-26T17:25:39","guid":{"rendered":"https:\/\/goldmidisf2.com\/?post_type=product&#038;p=7575"},"modified":"2026-03-19T18:53:40","modified_gmt":"2026-03-19T23:53:40","slug":"cubalibre-gm-sf2","status":"publish","type":"product","link":"https:\/\/goldmidisf2.com\/es\/product\/cubalibre-gm-sf2\/","title":{"rendered":"CubaLibre GM SF2"},"content":{"rendered":"<p style=\"text-align: justify;\"><b>Formato:<\/b> &#8220;<em>sf2<\/em>&#8221; GM |\u00a0Piano1 | Piano2 | Nylon Guitar | Tres Guitar | Acoustic Bass | Finger Bass | Fretless Bass | Trumpet Cuba |\u00a0Trombone | Tuba | Sect.Brass | Alto Sax | Tenor Sax | Baritone Sax | Flute | Cuba Drum Kit<\/p>","protected":false},"excerpt":{"rendered":"<p style=\"text-align: justify;\">Peque\u00f1o escritorio SF2 GM, creado con la cuidadosa selecci\u00f3n de instrumentos sampleados, t\u00edpicos de una \u201cOrquesta de Sesi\u00f3n Cubana\u201d. Nuestro peque\u00f1o trabajo consisti\u00f3 b\u00e1sicamente en parametrizar unos pocos valores para crear un banco GM arm\u00f3nico y lo m\u00e1s realista posible, encaj\u00e1ndolo todo en menos de\u00a0<b>90Mb<\/b>\u00a0di spazio senza bisogno di alterare o modificare i campioni presenti.<\/p>\n<audio class=\"wp-audio-shortcode\" id=\"audio-7575-1\" preload=\"none\" style=\"width: 100%;\" controls=\"controls\"><source type=\"audio\/mpeg\" src=\"http:\/\/goldmidisf2.com\/wp-content\/uploads\/2025\/06\/Tito-Puente-Meddley.mp3?_=1\" \/><a href=\"http:\/\/goldmidisf2.com\/wp-content\/uploads\/2025\/06\/Tito-Puente-Meddley.mp3\">http:\/\/goldmidisf2.com\/wp-content\/uploads\/2025\/06\/Tito-Puente-Meddley.mp3<\/a><\/audio>","protected":false},"featured_media":10400,"template":"","meta":[],"product_brand":[],"product_cat":[150,152,205],"product_tag":[],"class_list":{"0":"post-7575","1":"product","2":"type-product","3":"status-publish","4":"has-post-thumbnail","6":"product_cat-soundfonts-sf2","7":"product_cat-promo","8":"product_cat-banco-suoni-gm","10":"first","11":"instock","12":"sale","13":"downloadable","14":"virtual","15":"purchasable","16":"product-type-simple"},"_links":{"self":[{"href":"https:\/\/goldmidisf2.com\/es\/wp-json\/wp\/v2\/product\/7575","targetHints":{"allow":["GET"]}}],"collection":[{"href":"https:\/\/goldmidisf2.com\/es\/wp-json\/wp\/v2\/product"}],"about":[{"href":"https:\/\/goldmidisf2.com\/es\/wp-json\/wp\/v2\/types\/product"}],"wp:featuredmedia":[{"embeddable":true,"href":"https:\/\/goldmidisf2.com\/es\/wp-json\/wp\/v2\/media\/10400"}],"wp:attachment":[{"href":"https:\/\/goldmidisf2.com\/es\/wp-json\/wp\/v2\/media?parent=7575"}],"wp:term":[{"taxonomy":"product_brand","embeddable":true,"href":"https:\/\/goldmidisf2.com\/es\/wp-json\/wp\/v2\/product_brand?post=7575"},{"taxonomy":"product_cat","embeddable":true,"href":"https:\/\/goldmidisf2.com\/es\/wp-json\/wp\/v2\/product_cat?post=7575"},{"taxonomy":"product_tag","embeddable":true,"href":"https:\/\/goldmidisf2.com\/es\/wp-json\/wp\/v2\/product_tag?post=7575"}],"curies":[{"name":"wp","href":"https:\/\/api.w.org\/{rel}","templated":true}]}}