{"id":7576,"date":"2025-06-26T12:25:39","date_gmt":"2025-06-26T17:25:39","guid":{"rendered":"https:\/\/goldmidisf2.com\/?post_type=product&#038;p=7576"},"modified":"2026-03-19T18:54:02","modified_gmt":"2026-03-19T23:54:02","slug":"mega-gmgs-sf2","status":"publish","type":"product","link":"https:\/\/goldmidisf2.com\/es\/product\/mega-gmgs-sf2\/","title":{"rendered":"MEGA GMGS SF2"},"content":{"rendered":"<p style=\"text-align: justify;\">Formato \u201c<em>sf2<\/em>\" GM\/GS | 820 MB de espacio descomprimido | 817 instrumentos | 796 presets | 7496 muestras | 25 sets de bater\u00eda y percusi\u00f3n | Windows, Mac, Android<\/p>\n<p style=\"text-align: center;\">","protected":false},"excerpt":{"rendered":"<p style=\"text-align: justify;\">MEGA GM|GS SoundFont es la versi\u00f3n m\u00e1s completa de GM\/GS SoundFont que todo m\u00fasico siempre ha querido tener como compa\u00f1ero de viaje para interpretar todo tipo de m\u00fasica y conciertos. Ajust\u00e1ndose al m\u00e1ximo a la lista de preajustes configurada en Roland Sound Canvas 88Pro y con muestras realistas, los archivos MIDI se pueden reproducir con una calidad de sonido profesional con este \u201csf2\u201d.<\/p>\n<p style=\"text-align: center;\"><strong><span style=\"color: #ff6600;\"><a style=\"color: #ff6600;\" href=\"https:\/\/goldmidisf2.com\/wp-content\/uploads\/2025\/12\/MEGA-GMGS-SoundFont.pdf\" target=\"_blank\" rel=\"noopener\">Abrir la lista aqu\u00ed<\/a><\/span><\/strong><\/p>\n<p style=\"text-align: center;\"><a href=\"https:\/\/youtu.be\/TXK70tt7X4Q\" target=\"_blank\" rel=\"noopener\"><img loading=\"lazy\" decoding=\"async\" class=\"alignnone wp-image-8987\" src=\"https:\/\/goldmidisf2.com\/wp-content\/uploads\/2025\/06\/Youtube-logo300.jpg\" alt=\"\" width=\"152\" height=\"36\" srcset=\"https:\/\/goldmidisf2.com\/wp-content\/uploads\/2025\/06\/Youtube-logo300.jpg 300w, https:\/\/goldmidisf2.com\/wp-content\/uploads\/2025\/06\/Youtube-logo300-18x4.jpg 18w\" sizes=\"auto, (max-width: 152px) 100vw, 152px\" \/><\/a><\/p>","protected":false},"featured_media":10380,"template":"","meta":[],"product_brand":[],"product_cat":[150,152,205,206],"product_tag":[],"class_list":{"0":"post-7576","1":"product","2":"type-product","3":"status-publish","4":"has-post-thumbnail","6":"product_cat-soundfonts-sf2","7":"product_cat-promo","8":"product_cat-banco-suoni-gm","9":"product_cat-banco-suoni-gs","11":"first","12":"instock","13":"downloadable","14":"virtual","15":"purchasable","16":"product-type-simple"},"_links":{"self":[{"href":"https:\/\/goldmidisf2.com\/es\/wp-json\/wp\/v2\/product\/7576","targetHints":{"allow":["GET"]}}],"collection":[{"href":"https:\/\/goldmidisf2.com\/es\/wp-json\/wp\/v2\/product"}],"about":[{"href":"https:\/\/goldmidisf2.com\/es\/wp-json\/wp\/v2\/types\/product"}],"wp:featuredmedia":[{"embeddable":true,"href":"https:\/\/goldmidisf2.com\/es\/wp-json\/wp\/v2\/media\/10380"}],"wp:attachment":[{"href":"https:\/\/goldmidisf2.com\/es\/wp-json\/wp\/v2\/media?parent=7576"}],"wp:term":[{"taxonomy":"product_brand","embeddable":true,"href":"https:\/\/goldmidisf2.com\/es\/wp-json\/wp\/v2\/product_brand?post=7576"},{"taxonomy":"product_cat","embeddable":true,"href":"https:\/\/goldmidisf2.com\/es\/wp-json\/wp\/v2\/product_cat?post=7576"},{"taxonomy":"product_tag","embeddable":true,"href":"https:\/\/goldmidisf2.com\/es\/wp-json\/wp\/v2\/product_tag?post=7576"}],"curies":[{"name":"wp","href":"https:\/\/api.w.org\/{rel}","templated":true}]}}