{"id":7577,"date":"2025-06-26T12:25:39","date_gmt":"2025-06-26T17:25:39","guid":{"rendered":"https:\/\/goldmidisf2.com\/?post_type=product&#038;p=7577"},"modified":"2026-03-19T18:55:19","modified_gmt":"2026-03-19T23:55:19","slug":"motifxf-gm-sf2","status":"publish","type":"product","link":"https:\/\/goldmidisf2.com\/es\/product\/motifxf-gm-sf2\/","title":{"rendered":"MotifXF GM SF2"},"content":{"rendered":"<p>Formato GM \u201csf2\u201d | 880 MB de espacio sin empaquetar | 265 Instrumentos | 128 Presets GM | 011 Drum and Percussion Sets | 001 SFX | Entorno Windows, Mac<\/p>\n<p style=\"text-align: justify;\">","protected":false},"excerpt":{"rendered":"<p style=\"text-align: justify;\"><strong>MotifXF GM SoundFont<\/strong>, representa una interesante adici\u00f3n a la lista de bancos de soundfonts de GM hasta la fecha.\u00a0<strong>GoldMidiSF2<\/strong>. Con nuestros colaboradores, hemos querido, en t\u00e9rminos de compacidad y rendimiento musical, poner a disposici\u00f3n de los aficionados a los famosos timbres\u00a0<strong>MOTIF XF<\/strong>un banco GM con el mayor n\u00famero de instrumentos necesarios para una excelente reproducci\u00f3n de archivos musicales en formato MIDI GM y Kar. El muestreo de 16 bits tambi\u00e9n nos ha permitido acercarnos virtualmente a los maravillosos teclados MOTIF XF, ofreciendo una reproducci\u00f3n MIDI mucho mejor.<\/p>\n<p style=\"text-align: center;\"><a href=\"http:\/\/goldmidisf2.com\/wp-content\/uploads\/2025\/05\/MotifXF-GM-SoundFont-SoundFont.pdf\" target=\"_blank\" rel=\"noopener\"><strong><span style=\"color: #ff6600;\">Abrir la lista aqu\u00ed<\/span><\/strong><\/a><\/p>\n<p><a href=\"https:\/\/goldmidisf2.com\/wp-content\/uploads\/2025\/06\/Youtube-logo300.jpg\"><img loading=\"lazy\" decoding=\"async\" class=\"wp-image-8987 aligncenter\" src=\"https:\/\/goldmidisf2.com\/wp-content\/uploads\/2025\/06\/Youtube-logo300.jpg\" alt=\"\" width=\"153\" height=\"36\" srcset=\"https:\/\/goldmidisf2.com\/wp-content\/uploads\/2025\/06\/Youtube-logo300.jpg 300w, https:\/\/goldmidisf2.com\/wp-content\/uploads\/2025\/06\/Youtube-logo300-18x4.jpg 18w\" sizes=\"auto, (max-width: 153px) 100vw, 153px\" \/><\/a><\/p>","protected":false},"featured_media":7603,"template":"","meta":[],"product_brand":[],"product_cat":[150,205],"product_tag":[],"class_list":{"0":"post-7577","1":"product","2":"type-product","3":"status-publish","4":"has-post-thumbnail","6":"product_cat-soundfonts-sf2","7":"product_cat-banco-suoni-gm","9":"first","10":"instock","11":"downloadable","12":"virtual","13":"purchasable","14":"product-type-simple"},"_links":{"self":[{"href":"https:\/\/goldmidisf2.com\/es\/wp-json\/wp\/v2\/product\/7577","targetHints":{"allow":["GET"]}}],"collection":[{"href":"https:\/\/goldmidisf2.com\/es\/wp-json\/wp\/v2\/product"}],"about":[{"href":"https:\/\/goldmidisf2.com\/es\/wp-json\/wp\/v2\/types\/product"}],"wp:featuredmedia":[{"embeddable":true,"href":"https:\/\/goldmidisf2.com\/es\/wp-json\/wp\/v2\/media\/7603"}],"wp:attachment":[{"href":"https:\/\/goldmidisf2.com\/es\/wp-json\/wp\/v2\/media?parent=7577"}],"wp:term":[{"taxonomy":"product_brand","embeddable":true,"href":"https:\/\/goldmidisf2.com\/es\/wp-json\/wp\/v2\/product_brand?post=7577"},{"taxonomy":"product_cat","embeddable":true,"href":"https:\/\/goldmidisf2.com\/es\/wp-json\/wp\/v2\/product_cat?post=7577"},{"taxonomy":"product_tag","embeddable":true,"href":"https:\/\/goldmidisf2.com\/es\/wp-json\/wp\/v2\/product_tag?post=7577"}],"curies":[{"name":"wp","href":"https:\/\/api.w.org\/{rel}","templated":true}]}}