{"id":7578,"date":"2025-06-26T12:25:39","date_gmt":"2025-06-26T17:25:39","guid":{"rendered":"https:\/\/goldmidisf2.com\/?post_type=product&#038;p=7578"},"modified":"2026-04-25T09:53:28","modified_gmt":"2026-04-25T14:53:28","slug":"new-black-tyros-gmgs","status":"publish","type":"product","link":"https:\/\/goldmidisf2.com\/es\/product\/new-black-tyros-gmgs\/","title":{"rendered":"New Black TYROS GMGS"},"content":{"rendered":"<p style=\"text-align: justify;\">Formato \u00absf2\u00bb | 630 MB de espacio descomprimido | 261 instrumentos | 237 preajustes GM+GS | 018 Bater\u00eda y percusi\u00f3n | 001 SFX | Windows, Mac, Android<\/p>","protected":false},"excerpt":{"rendered":"<p style=\"text-align: justify;\"><strong>New<\/strong>\u00a0<strong>Black TYROS GMGS SoundFont<\/strong>\u00a0se cre\u00f3 para toda la comunidad\u00a0<strong>Tyros<\/strong>\u00a0e\u00a0<strong>PSR<\/strong>, presentamos la nueva generaci\u00f3n de SountFonts GMGS de Yamaha. Esta creaci\u00f3n especial est\u00e1 dirigida a todos los m\u00fasicos y aficionados que desean un sonido \u00fanico y m\u00e1s audaz para la reproducci\u00f3n de sus colecciones midi en formato GMGS. <strong>New Black TYROS SoundFont<\/strong>, incluye una lista de instrumentos seleccionados y muestreados de muchos de los presets ofrecidos por los teclados Tyros y PSR de Yamaha, con un sonido distintivo e instrumentos nunca antes escuchados de la serie de teclados Tyros de Yamaha. Aunque una versi\u00f3n soundfont puede tener sus limitaciones, intentamos ofrecer la audacia y la belleza natural del sonido Yamaha TYROS en su conjunto con aut\u00e9ntica calidad est\u00e9reo.<\/p>\n<p style=\"text-align: center;\"><a href=\"https:\/\/goldmidisf2.com\/wp-content\/uploads\/2026\/02\/New-Black-TYROS-GMGS-SoundFont.pdf\" target=\"_blank\" rel=\"noopener\"><strong><span style=\"color: #ff6600;\">Abrir la lista aqu\u00ed<\/span><\/strong><\/a><\/p>\n<p style=\"text-align: center;\"><a href=\"https:\/\/www.youtube.com\/watch?v=BtNidxaTI2I\" target=\"_blank\" rel=\"noopener\"><img loading=\"lazy\" decoding=\"async\" class=\"alignnone wp-image-8987\" src=\"https:\/\/goldmidisf2.com\/wp-content\/uploads\/2025\/06\/Youtube-logo300.jpg\" alt=\"\" width=\"152\" height=\"36\" srcset=\"https:\/\/goldmidisf2.com\/wp-content\/uploads\/2025\/06\/Youtube-logo300.jpg 300w, https:\/\/goldmidisf2.com\/wp-content\/uploads\/2025\/06\/Youtube-logo300-18x4.jpg 18w\" sizes=\"auto, (max-width: 152px) 100vw, 152px\" \/><\/a><\/p>","protected":false},"featured_media":10568,"template":"","meta":[],"product_brand":[],"product_cat":[150,205,206],"product_tag":[],"class_list":{"0":"post-7578","1":"product","2":"type-product","3":"status-publish","4":"has-post-thumbnail","6":"product_cat-soundfonts-sf2","7":"product_cat-banco-suoni-gm","8":"product_cat-banco-suoni-gs","10":"first","11":"instock","12":"sale","13":"downloadable","14":"virtual","15":"sold-individually","16":"purchasable","17":"product-type-simple"},"_links":{"self":[{"href":"https:\/\/goldmidisf2.com\/es\/wp-json\/wp\/v2\/product\/7578","targetHints":{"allow":["GET"]}}],"collection":[{"href":"https:\/\/goldmidisf2.com\/es\/wp-json\/wp\/v2\/product"}],"about":[{"href":"https:\/\/goldmidisf2.com\/es\/wp-json\/wp\/v2\/types\/product"}],"wp:featuredmedia":[{"embeddable":true,"href":"https:\/\/goldmidisf2.com\/es\/wp-json\/wp\/v2\/media\/10568"}],"wp:attachment":[{"href":"https:\/\/goldmidisf2.com\/es\/wp-json\/wp\/v2\/media?parent=7578"}],"wp:term":[{"taxonomy":"product_brand","embeddable":true,"href":"https:\/\/goldmidisf2.com\/es\/wp-json\/wp\/v2\/product_brand?post=7578"},{"taxonomy":"product_cat","embeddable":true,"href":"https:\/\/goldmidisf2.com\/es\/wp-json\/wp\/v2\/product_cat?post=7578"},{"taxonomy":"product_tag","embeddable":true,"href":"https:\/\/goldmidisf2.com\/es\/wp-json\/wp\/v2\/product_tag?post=7578"}],"curies":[{"name":"wp","href":"https:\/\/api.w.org\/{rel}","templated":true}]}}