{"id":7580,"date":"2025-06-26T12:25:40","date_gmt":"2025-06-26T17:25:40","guid":{"rendered":"https:\/\/goldmidisf2.com\/?post_type=product&#038;p=7580"},"modified":"2026-01-01T16:03:26","modified_gmt":"2026-01-01T21:03:26","slug":"roland-fantom-gmgs","status":"publish","type":"product","link":"https:\/\/goldmidisf2.com\/es\/product\/roland-fantom-gmgs\/","title":{"rendered":"Roland FANTOM GMGS"},"content":{"rendered":"<p>Formato GMGS \u00absf2\u00bb | 430 MB de espacio total | 235 instrumentos | 201 preajustes GMGS | 08 conjuntos de bater\u00eda y percusi\u00f3n | 01 SFX | Windows, Mac, Android<\/p>","protected":false},"excerpt":{"rendered":"<p style=\"text-align: justify;\"><strong>Roland FANTOM GMGS SoundFont<\/strong>es un deck SF2 de nuevo desarrollo, producido a partir de muestras de alta calidad grabadas de uno de los teclados Roland m\u00e1s populares utilizados por los m\u00fasicos profesionales,\u00a0<strong>Roland FANTOM G6<\/strong>. Esta \u00faltima versi\u00f3n de SF2 GM est\u00e1 especialmente dirigida a los usuarios de MIDI\/KAR, que desean mejorar la calidad de sus interpretaciones con sonidos Roland. Con este \u00faltimo trabajo, hemos reducido cuidadosamente gigabytes de muestras, tratando de preservar la m\u00e1s alta calidad a los instrumentos m\u00e1s utilizados en los 128 presets GM con la adici\u00f3n de todos los efectos\u00a0<strong>FX-SFX<\/strong>\u00a0presente en la tabla\u00a0<strong>GMGS.<\/strong><\/p>\n<p style=\"text-align: center;\"><a href=\"https:\/\/goldmidisf2.com\/wp-content\/uploads\/2025\/05\/Roland-Fantom-GM-SoundFont.pdf\" target=\"_blank\" rel=\"noopener\"><span style=\"color: #ff6600;\"><strong>Abrir la lista aqu\u00ed<\/strong><\/span><\/a><\/p>\n<audio class=\"wp-audio-shortcode\" id=\"audio-7580-1\" preload=\"none\" style=\"width: 100%;\" controls=\"controls\"><source type=\"audio\/mpeg\" src=\"http:\/\/goldmidisf2.com\/wp-content\/uploads\/2023\/12\/Roland-Fantom-GMGS-DEMO.mp3?_=1\" \/><a href=\"http:\/\/goldmidisf2.com\/wp-content\/uploads\/2023\/12\/Roland-Fantom-GMGS-DEMO.mp3\">http:\/\/goldmidisf2.com\/wp-content\/uploads\/2023\/12\/Roland-Fantom-GMGS-DEMO.mp3<\/a><\/audio>","protected":false},"featured_media":10434,"template":"","meta":[],"product_brand":[],"product_cat":[150,205,206],"product_tag":[],"class_list":{"0":"post-7580","1":"product","2":"type-product","3":"status-publish","4":"has-post-thumbnail","6":"product_cat-soundfonts-sf2","7":"product_cat-banco-suoni-gm","8":"product_cat-banco-suoni-gs","10":"first","11":"instock","12":"downloadable","13":"virtual","14":"purchasable","15":"product-type-simple"},"_links":{"self":[{"href":"https:\/\/goldmidisf2.com\/es\/wp-json\/wp\/v2\/product\/7580","targetHints":{"allow":["GET"]}}],"collection":[{"href":"https:\/\/goldmidisf2.com\/es\/wp-json\/wp\/v2\/product"}],"about":[{"href":"https:\/\/goldmidisf2.com\/es\/wp-json\/wp\/v2\/types\/product"}],"wp:featuredmedia":[{"embeddable":true,"href":"https:\/\/goldmidisf2.com\/es\/wp-json\/wp\/v2\/media\/10434"}],"wp:attachment":[{"href":"https:\/\/goldmidisf2.com\/es\/wp-json\/wp\/v2\/media?parent=7580"}],"wp:term":[{"taxonomy":"product_brand","embeddable":true,"href":"https:\/\/goldmidisf2.com\/es\/wp-json\/wp\/v2\/product_brand?post=7580"},{"taxonomy":"product_cat","embeddable":true,"href":"https:\/\/goldmidisf2.com\/es\/wp-json\/wp\/v2\/product_cat?post=7580"},{"taxonomy":"product_tag","embeddable":true,"href":"https:\/\/goldmidisf2.com\/es\/wp-json\/wp\/v2\/product_tag?post=7580"}],"curies":[{"name":"wp","href":"https:\/\/api.w.org\/{rel}","templated":true}]}}