{"id":7581,"date":"2025-06-26T12:25:40","date_gmt":"2025-06-26T17:25:40","guid":{"rendered":"https:\/\/goldmidisf2.com\/?post_type=product&#038;p=7581"},"modified":"2026-03-19T18:48:30","modified_gmt":"2026-03-19T23:48:30","slug":"megapro-studio-gmgs","status":"publish","type":"product","link":"https:\/\/goldmidisf2.com\/es\/product\/megapro-studio-gmgs\/","title":{"rendered":"MegaPro Studio GMGS"},"content":{"rendered":"<p style=\"text-align: justify;\">Formato &#8220;sf2&#8221; | 700MB di spazio decompresso | 302 strumenti | 235 preset GM+GS | 14 Set di Batterie e\u00a0 Percussioni | 01 SFX + 02 FX | Windows, Mac, Android<\/p>","protected":false},"excerpt":{"rendered":"<p style=\"text-align: justify;\"><strong>MegaPro Studio GM\/GS<\/strong>\u00a0SoundFont, fue producido profesionalmente especialmente para m\u00fasicos, cantantes y entusiastas de la grabaci\u00f3n en estudios caseros, d\u00e1ndoles la sensaci\u00f3n de utilizar los instrumentos m\u00e1s realistas posibles. Con este \u00faltimo trabajo, hemos reducido el n\u00famero de instrumentos GS poco utilizados en las pistas de acompa\u00f1amiento midi y de casi todos los g\u00e9neros musicales, dando as\u00ed m\u00e1s calidad a los instrumentos m\u00e1s utilizados en los 128 preajustes GM. Adem\u00e1s, hemos intentado mejorar la calidad de los kits de bater\u00eda utilizando muestras de las mejores marcas de bater\u00edas y platos.\n\nTraducci\u00f3n realizada con la versi\u00f3n gratuita del traductor DeepL.com<\/p>\n<p style=\"text-align: center;\"><a href=\"https:\/\/youtu.be\/_tWCZIahBPM\" target=\"_blank\" rel=\"noopener\"><img loading=\"lazy\" decoding=\"async\" class=\"alignnone wp-image-8987\" src=\"https:\/\/goldmidisf2.com\/wp-content\/uploads\/2025\/06\/Youtube-logo300.jpg\" alt=\"\" width=\"152\" height=\"36\" srcset=\"https:\/\/goldmidisf2.com\/wp-content\/uploads\/2025\/06\/Youtube-logo300.jpg 300w, https:\/\/goldmidisf2.com\/wp-content\/uploads\/2025\/06\/Youtube-logo300-18x4.jpg 18w\" sizes=\"auto, (max-width: 152px) 100vw, 152px\" \/><\/a><\/p>","protected":false},"featured_media":10257,"template":"","meta":[],"product_brand":[],"product_cat":[150,152,205,206],"product_tag":[],"class_list":{"0":"post-7581","1":"product","2":"type-product","3":"status-publish","4":"has-post-thumbnail","6":"product_cat-soundfonts-sf2","7":"product_cat-promo","8":"product_cat-banco-suoni-gm","9":"product_cat-banco-suoni-gs","11":"first","12":"instock","13":"downloadable","14":"virtual","15":"purchasable","16":"product-type-simple"},"_links":{"self":[{"href":"https:\/\/goldmidisf2.com\/es\/wp-json\/wp\/v2\/product\/7581","targetHints":{"allow":["GET"]}}],"collection":[{"href":"https:\/\/goldmidisf2.com\/es\/wp-json\/wp\/v2\/product"}],"about":[{"href":"https:\/\/goldmidisf2.com\/es\/wp-json\/wp\/v2\/types\/product"}],"wp:featuredmedia":[{"embeddable":true,"href":"https:\/\/goldmidisf2.com\/es\/wp-json\/wp\/v2\/media\/10257"}],"wp:attachment":[{"href":"https:\/\/goldmidisf2.com\/es\/wp-json\/wp\/v2\/media?parent=7581"}],"wp:term":[{"taxonomy":"product_brand","embeddable":true,"href":"https:\/\/goldmidisf2.com\/es\/wp-json\/wp\/v2\/product_brand?post=7581"},{"taxonomy":"product_cat","embeddable":true,"href":"https:\/\/goldmidisf2.com\/es\/wp-json\/wp\/v2\/product_cat?post=7581"},{"taxonomy":"product_tag","embeddable":true,"href":"https:\/\/goldmidisf2.com\/es\/wp-json\/wp\/v2\/product_tag?post=7581"}],"curies":[{"name":"wp","href":"https:\/\/api.w.org\/{rel}","templated":true}]}}