{"id":7582,"date":"2025-06-26T12:25:40","date_gmt":"2025-06-26T17:25:40","guid":{"rendered":"https:\/\/goldmidisf2.com\/?post_type=product&#038;p=7582"},"modified":"2026-03-19T18:47:51","modified_gmt":"2026-03-19T23:47:51","slug":"ketronsf2-gm-sd1000-family-map","status":"publish","type":"product","link":"https:\/\/goldmidisf2.com\/es\/product\/ketronsf2-gm-sd1000-family-map\/","title":{"rendered":"KetronSF2 GM SD1000 Family Map"},"content":{"rendered":"<p style=\"text-align: justify;\">sf2\" formato 1.2 GB espacio descomprimido | 128 GM presets + 377 presets | 44 Drum and Percussion Sets | 02 Vocal SFX | Windows, Mac, Android<\/p>","protected":false},"excerpt":{"rendered":"<p style=\"text-align: justify;\"><strong>KetronSF2 GM SD1000 Family Map<\/strong>, es una librer\u00eda de fuentes de sonido en formato \u00absf2\u00bb, que ofrece a los entusiastas del sonido KETRON no s\u00f3lo un banco GM, sino tambi\u00e9n la mayor\u00eda de los presets que se encuentran en el m\u00f3dulo f\u00edsico original Ketron SD1000. Gracias a nuestro software MidiSoundSynth, es posible reproducir MIDI con una calidad muy cercana a la del Ketron SD1000, ofreciendo una salida de audio con timbres Ketron.<\/p>\n<p style=\"text-align: center;\"><strong><span style=\"color: #ff6600;\"><a style=\"color: #ff6600;\" href=\"https:\/\/goldmidisf2.com\/wp-content\/uploads\/2025\/05\/KetronSF2-SD1000-Family-Map.pdf\" target=\"_blank\" rel=\"noopener\">Abrir la lista aqu\u00ed<\/a><\/span><\/strong><\/p>\n<p style=\"text-align: center;\"><div id=\"audioigniter-7723\" class=\"audioigniter-root\" data-player-type=\"full\" data-tracks-url=\"https:\/\/goldmidisf2.com\/es\/?audioigniter_playlist_id=7723\" data-display-track-no=\"false\" data-reverse-track-order=\"false\" data-display-tracklist-covers=\"true\" data-display-active-cover=\"false\" data-display-artist-names=\"true\" data-display-buy-buttons=\"false\" data-buy-buttons-target=\"false\" data-cycle-tracks=\"false\" data-display-credits=\"false\" data-display-tracklist=\"false\" data-allow-tracklist-toggle=\"true\" data-allow-tracklist-loop=\"false\" data-limit-tracklist-height=\"true\" data-volume=\"100\" data-tracklist-height=\"185\" ><\/div><\/p>\n<p style=\"text-align: center;\">","protected":false},"featured_media":7608,"template":"","meta":[],"product_brand":[],"product_cat":[150,152,205],"product_tag":[],"class_list":{"0":"post-7582","1":"product","2":"type-product","3":"status-publish","4":"has-post-thumbnail","6":"product_cat-soundfonts-sf2","7":"product_cat-promo","8":"product_cat-banco-suoni-gm","10":"first","11":"instock","12":"downloadable","13":"virtual","14":"purchasable","15":"product-type-simple"},"_links":{"self":[{"href":"https:\/\/goldmidisf2.com\/es\/wp-json\/wp\/v2\/product\/7582","targetHints":{"allow":["GET"]}}],"collection":[{"href":"https:\/\/goldmidisf2.com\/es\/wp-json\/wp\/v2\/product"}],"about":[{"href":"https:\/\/goldmidisf2.com\/es\/wp-json\/wp\/v2\/types\/product"}],"wp:featuredmedia":[{"embeddable":true,"href":"https:\/\/goldmidisf2.com\/es\/wp-json\/wp\/v2\/media\/7608"}],"wp:attachment":[{"href":"https:\/\/goldmidisf2.com\/es\/wp-json\/wp\/v2\/media?parent=7582"}],"wp:term":[{"taxonomy":"product_brand","embeddable":true,"href":"https:\/\/goldmidisf2.com\/es\/wp-json\/wp\/v2\/product_brand?post=7582"},{"taxonomy":"product_cat","embeddable":true,"href":"https:\/\/goldmidisf2.com\/es\/wp-json\/wp\/v2\/product_cat?post=7582"},{"taxonomy":"product_tag","embeddable":true,"href":"https:\/\/goldmidisf2.com\/es\/wp-json\/wp\/v2\/product_tag?post=7582"}],"curies":[{"name":"wp","href":"https:\/\/api.w.org\/{rel}","templated":true}]}}