{"id":7583,"date":"2025-06-26T12:25:40","date_gmt":"2025-06-26T17:25:40","guid":{"rendered":"https:\/\/goldmidisf2.com\/?post_type=product&#038;p=7583"},"modified":"2026-03-31T19:00:35","modified_gmt":"2026-04-01T00:00:35","slug":"set-drums-gm-sf2","status":"publish","type":"product","link":"https:\/\/goldmidisf2.com\/es\/product\/set-drums-gm-sf2\/","title":{"rendered":"Set Drums GM SF2"},"content":{"rendered":"","protected":false},"excerpt":{"rendered":"<p style=\"text-align: center;\">Colecci\u00f3n de bater\u00eda y percusi\u00f3n en 100 Mb de muestras de excelente calidad, todas organizadas en una \u00fanica fuente de sonido \u00abGM\u00bb.<\/p>\n<p style=\"text-align: center;\"><strong>Lista:<\/strong><\/p>\n<p style=\"text-align: center;\">Standard 1 | Standard 2 | Room | Power | Electronic | TR808\/TR909 | Dance | Jazz | Brush | Orqestra | Ethnic | Kick&amp;Snare | SFX | Rhythm FX<\/p>","protected":false},"featured_media":11158,"template":"","meta":[],"product_brand":[],"product_cat":[150,163,149,205],"product_tag":[],"class_list":{"0":"post-7583","1":"product","2":"type-product","3":"status-publish","4":"has-post-thumbnail","6":"product_cat-soundfonts-sf2","7":"product_cat-batterie-percussioni","8":"product_cat-gratis","9":"product_cat-banco-suoni-gm","11":"first","12":"instock","13":"downloadable","14":"virtual","15":"sold-individually","16":"purchasable","17":"product-type-simple"},"_links":{"self":[{"href":"https:\/\/goldmidisf2.com\/es\/wp-json\/wp\/v2\/product\/7583","targetHints":{"allow":["GET"]}}],"collection":[{"href":"https:\/\/goldmidisf2.com\/es\/wp-json\/wp\/v2\/product"}],"about":[{"href":"https:\/\/goldmidisf2.com\/es\/wp-json\/wp\/v2\/types\/product"}],"wp:featuredmedia":[{"embeddable":true,"href":"https:\/\/goldmidisf2.com\/es\/wp-json\/wp\/v2\/media\/11158"}],"wp:attachment":[{"href":"https:\/\/goldmidisf2.com\/es\/wp-json\/wp\/v2\/media?parent=7583"}],"wp:term":[{"taxonomy":"product_brand","embeddable":true,"href":"https:\/\/goldmidisf2.com\/es\/wp-json\/wp\/v2\/product_brand?post=7583"},{"taxonomy":"product_cat","embeddable":true,"href":"https:\/\/goldmidisf2.com\/es\/wp-json\/wp\/v2\/product_cat?post=7583"},{"taxonomy":"product_tag","embeddable":true,"href":"https:\/\/goldmidisf2.com\/es\/wp-json\/wp\/v2\/product_tag?post=7583"}],"curies":[{"name":"wp","href":"https:\/\/api.w.org\/{rel}","templated":true}]}}