{"id":7585,"date":"2025-06-26T12:25:40","date_gmt":"2025-06-26T17:25:40","guid":{"rendered":"https:\/\/goldmidisf2.com\/?post_type=product&#038;p=7585"},"modified":"2026-03-19T18:49:50","modified_gmt":"2026-03-19T23:49:50","slug":"superkontaktsfkr-gmgs","status":"publish","type":"product","link":"https:\/\/goldmidisf2.com\/es\/product\/superkontaktsfkr-gmgs\/","title":{"rendered":"SuperKontaktSFKR GMGS"},"content":{"rendered":"<p style=\"text-align: center;\">GMGS formato \u00absfkr\u00bb 400MB comprimido| 451 instrumentos | 277 GM+GS presets | 23 Drum and Percussion Sets | 01 SFX | Windows<\/p>","protected":false},"excerpt":{"rendered":"<p style=\"text-align: justify;\"><strong>SuperKontakt GMGS SoundFont<\/strong>, es un banco de sonidos ofrecido en \"<em>sfkr<\/em>\" comprimido patentado, cuidadosamente producido con muestras de instrumentos realistas de la m\u00e1xima calidad y profesionalidad. Esta producci\u00f3n est\u00e1 dirigida principalmente a m\u00fasicos, cantantes y aficionados a la grabaci\u00f3n en estudios dom\u00e9sticos. Nuestro sistema \"<em>sfkr<\/em>\" \u00abno es m\u00e1s que un \u00bb<em>sf2<\/em>\" comprimido hasta un 70%, reduciendo as\u00ed el espacio ocupado en Mb sin comprometer la calidad de audio del soundfont original.<\/p>\n<p style=\"text-align: center;\"><a href=\"https:\/\/goldmidisf2.com\/wp-content\/uploads\/2025\/05\/SuperKontakt-GMGS-SoundFont.pdf\" target=\"_blank\" rel=\"noopener\"><span style=\"color: #ff6600;\"><strong>Abrir la lista aqu\u00ed<\/strong><\/span><\/a><\/p>\n<p style=\"text-align: center;\"><strong>\u00a0\u00a0 \u00a0 \u00a0 \u00a0<\/strong><div id=\"audioigniter-6931\" class=\"audioigniter-root\" data-player-type=\"full\" data-tracks-url=\"https:\/\/goldmidisf2.com\/es\/?audioigniter_playlist_id=6931\" data-display-track-no=\"true\" data-reverse-track-order=\"false\" data-display-tracklist-covers=\"false\" data-display-active-cover=\"true\" data-display-artist-names=\"false\" data-display-buy-buttons=\"true\" data-buy-buttons-target=\"false\" data-cycle-tracks=\"false\" data-display-credits=\"false\" data-display-tracklist=\"false\" data-allow-tracklist-toggle=\"false\" data-allow-tracklist-loop=\"false\" data-limit-tracklist-height=\"false\" data-volume=\"100\" data-tracklist-height=\"185\" ><\/div><\/p>\n<p style=\"font-size: 10px; color: #cccccc; line-break: anywhere; word-break: normal; overflow: hidden; white-space: nowrap; text-overflow: ellipsis; font-family: Interstate, 'Lucida Grande', 'Lucida Sans Unicode', 'Lucida Sans', Garuda, Verdana, Tahoma, sans-serif; font-weight: 100; text-align: center;\">","protected":false},"featured_media":7611,"template":"","meta":[],"product_brand":[],"product_cat":[154,205,206],"product_tag":[],"class_list":{"0":"post-7585","1":"product","2":"type-product","3":"status-publish","4":"has-post-thumbnail","6":"product_cat-soundfonts-sfkr","7":"product_cat-banco-suoni-gm","8":"product_cat-banco-suoni-gs","10":"first","11":"instock","12":"downloadable","13":"virtual","14":"purchasable","15":"product-type-simple"},"_links":{"self":[{"href":"https:\/\/goldmidisf2.com\/es\/wp-json\/wp\/v2\/product\/7585","targetHints":{"allow":["GET"]}}],"collection":[{"href":"https:\/\/goldmidisf2.com\/es\/wp-json\/wp\/v2\/product"}],"about":[{"href":"https:\/\/goldmidisf2.com\/es\/wp-json\/wp\/v2\/types\/product"}],"wp:featuredmedia":[{"embeddable":true,"href":"https:\/\/goldmidisf2.com\/es\/wp-json\/wp\/v2\/media\/7611"}],"wp:attachment":[{"href":"https:\/\/goldmidisf2.com\/es\/wp-json\/wp\/v2\/media?parent=7585"}],"wp:term":[{"taxonomy":"product_brand","embeddable":true,"href":"https:\/\/goldmidisf2.com\/es\/wp-json\/wp\/v2\/product_brand?post=7585"},{"taxonomy":"product_cat","embeddable":true,"href":"https:\/\/goldmidisf2.com\/es\/wp-json\/wp\/v2\/product_cat?post=7585"},{"taxonomy":"product_tag","embeddable":true,"href":"https:\/\/goldmidisf2.com\/es\/wp-json\/wp\/v2\/product_tag?post=7585"}],"curies":[{"name":"wp","href":"https:\/\/api.w.org\/{rel}","templated":true}]}}