{"id":7586,"date":"2025-06-26T12:25:40","date_gmt":"2025-06-26T17:25:40","guid":{"rendered":"https:\/\/goldmidisf2.com\/?post_type=product&#038;p=7586"},"modified":"2026-03-19T18:50:26","modified_gmt":"2026-03-19T23:50:26","slug":"kontaktsf2-gm","status":"publish","type":"product","link":"https:\/\/goldmidisf2.com\/es\/product\/kontaktsf2-gm\/","title":{"rendered":"KontaktSF2 GM"},"content":{"rendered":"<p style=\"text-align: justify;\">Formato GM \u00absf2\u00bb 750 MB de espacio desempaquetado | 253 instrumentos | 128 presets GM + 14 FX GS | 08 sets de Beat y Percusi\u00f3n | 01 SFX | Windows, Mac, Android<\/p>","protected":false},"excerpt":{"rendered":"<p style=\"text-align: justify;\"><strong>KontaktSF2 GM<\/strong>, es un banco de sonidos ofrecido en \"<em>sf2<\/em>\"Cuidadosamente elaborada con muestras de instrumentos realistas de la m\u00e1xima calidad y profesionalidad, esta producci\u00f3n est\u00e1 dirigida principalmente a m\u00fasicos, cantantes y aficionados a la grabaci\u00f3n en estudios dom\u00e9sticos.<\/p>\n<p style=\"text-align: center;\"><div id=\"audioigniter-7790\" class=\"audioigniter-root\" data-player-type=\"full\" data-tracks-url=\"https:\/\/goldmidisf2.com\/es\/?audioigniter_playlist_id=7790\" data-display-track-no=\"false\" data-reverse-track-order=\"false\" data-display-tracklist-covers=\"true\" data-display-active-cover=\"false\" data-display-artist-names=\"true\" data-display-buy-buttons=\"false\" data-buy-buttons-target=\"false\" data-cycle-tracks=\"false\" data-display-credits=\"false\" data-display-tracklist=\"false\" data-allow-tracklist-toggle=\"true\" data-allow-tracklist-loop=\"false\" data-limit-tracklist-height=\"true\" data-volume=\"100\" data-tracklist-height=\"185\" ><\/div><\/p>","protected":false},"featured_media":7612,"template":"","meta":[],"product_brand":[],"product_cat":[150,205],"product_tag":[],"class_list":{"0":"post-7586","1":"product","2":"type-product","3":"status-publish","4":"has-post-thumbnail","6":"product_cat-soundfonts-sf2","7":"product_cat-banco-suoni-gm","9":"first","10":"instock","11":"downloadable","12":"virtual","13":"purchasable","14":"product-type-simple"},"_links":{"self":[{"href":"https:\/\/goldmidisf2.com\/es\/wp-json\/wp\/v2\/product\/7586","targetHints":{"allow":["GET"]}}],"collection":[{"href":"https:\/\/goldmidisf2.com\/es\/wp-json\/wp\/v2\/product"}],"about":[{"href":"https:\/\/goldmidisf2.com\/es\/wp-json\/wp\/v2\/types\/product"}],"wp:featuredmedia":[{"embeddable":true,"href":"https:\/\/goldmidisf2.com\/es\/wp-json\/wp\/v2\/media\/7612"}],"wp:attachment":[{"href":"https:\/\/goldmidisf2.com\/es\/wp-json\/wp\/v2\/media?parent=7586"}],"wp:term":[{"taxonomy":"product_brand","embeddable":true,"href":"https:\/\/goldmidisf2.com\/es\/wp-json\/wp\/v2\/product_brand?post=7586"},{"taxonomy":"product_cat","embeddable":true,"href":"https:\/\/goldmidisf2.com\/es\/wp-json\/wp\/v2\/product_cat?post=7586"},{"taxonomy":"product_tag","embeddable":true,"href":"https:\/\/goldmidisf2.com\/es\/wp-json\/wp\/v2\/product_tag?post=7586"}],"curies":[{"name":"wp","href":"https:\/\/api.w.org\/{rel}","templated":true}]}}