{"id":7587,"date":"2025-06-26T12:25:40","date_gmt":"2025-06-26T17:25:40","guid":{"rendered":"https:\/\/goldmidisf2.com\/?post_type=product&#038;p=7587"},"modified":"2026-03-19T18:50:46","modified_gmt":"2026-03-19T23:50:46","slug":"sfxgm-pro-sf2","status":"publish","type":"product","link":"https:\/\/goldmidisf2.com\/es\/product\/sfxgm-pro-sf2\/","title":{"rendered":"SFXGM ProSF2"},"content":{"rendered":"<p style=\"text-align: justify;\">Formato &#8220;sf2&#8221; | 1,3 GB di spazio decompresso | 699 Strumenti | 549 Preset | 3 kit SFX | 018 Set di Batteria e Percussioni | Windows, MAC, Android<\/p>","protected":false},"excerpt":{"rendered":"<p style=\"text-align: justify;\"><strong>SFXGM ProSF2 SoundFont,<\/strong> , es el mejor SoundFont de audio jam\u00e1s creado en t\u00e9rminos de calidad y reproducci\u00f3n MIDI GM y XG. El SoundFont est\u00e1 en formato \u00absf2\u00bb, ocupa un espacio total sin comprimir de 1,3 GB, con una frecuencia de muestreo de 41 100 MHz, m\u00e1s de 6300 muestras, 549 preajustes y 699 instrumentos. Aunque el formato YAMAHA XG es un poco antiguo, su calidad sin duda ayudar\u00e1 a muchos propietarios de bibliotecas MIDI GM XG a obtener reproducciones de audio realistas.<\/p>\n<p style=\"text-align: center;\"><a href=\"https:\/\/goldmidisf2.com\/wp-content\/uploads\/2026\/01\/SFXGM-ProSF2-SoundFont.pdf\" target=\"_blank\" rel=\"noopener\"><span style=\"color: #ff6600;\"><strong>\u00a1Abre la lista aqu\u00ed!<\/strong><\/span><\/a><\/p>\n<p><a href=\"https:\/\/youtu.be\/xK-ocyxzXeU\" target=\"_blank\" rel=\"noopener\"><img loading=\"lazy\" decoding=\"async\" class=\"wp-image-8987 aligncenter\" src=\"https:\/\/goldmidisf2.com\/wp-content\/uploads\/2025\/06\/Youtube-logo300.jpg\" alt=\"\" width=\"152\" height=\"36\" srcset=\"https:\/\/goldmidisf2.com\/wp-content\/uploads\/2025\/06\/Youtube-logo300.jpg 300w, https:\/\/goldmidisf2.com\/wp-content\/uploads\/2025\/06\/Youtube-logo300-18x4.jpg 18w\" sizes=\"auto, (max-width: 152px) 100vw, 152px\" \/><\/a><\/p>\n<p>&nbsp;<\/p>","protected":false},"featured_media":10249,"template":"","meta":[],"product_brand":[],"product_cat":[150,152,205,208],"product_tag":[],"class_list":{"0":"post-7587","1":"product","2":"type-product","3":"status-publish","4":"has-post-thumbnail","6":"product_cat-soundfonts-sf2","7":"product_cat-promo","8":"product_cat-banco-suoni-gm","9":"product_cat-banco-suoni-xg","11":"first","12":"instock","13":"sale","14":"downloadable","15":"virtual","16":"purchasable","17":"product-type-simple"},"_links":{"self":[{"href":"https:\/\/goldmidisf2.com\/es\/wp-json\/wp\/v2\/product\/7587","targetHints":{"allow":["GET"]}}],"collection":[{"href":"https:\/\/goldmidisf2.com\/es\/wp-json\/wp\/v2\/product"}],"about":[{"href":"https:\/\/goldmidisf2.com\/es\/wp-json\/wp\/v2\/types\/product"}],"wp:featuredmedia":[{"embeddable":true,"href":"https:\/\/goldmidisf2.com\/es\/wp-json\/wp\/v2\/media\/10249"}],"wp:attachment":[{"href":"https:\/\/goldmidisf2.com\/es\/wp-json\/wp\/v2\/media?parent=7587"}],"wp:term":[{"taxonomy":"product_brand","embeddable":true,"href":"https:\/\/goldmidisf2.com\/es\/wp-json\/wp\/v2\/product_brand?post=7587"},{"taxonomy":"product_cat","embeddable":true,"href":"https:\/\/goldmidisf2.com\/es\/wp-json\/wp\/v2\/product_cat?post=7587"},{"taxonomy":"product_tag","embeddable":true,"href":"https:\/\/goldmidisf2.com\/es\/wp-json\/wp\/v2\/product_tag?post=7587"}],"curies":[{"name":"wp","href":"https:\/\/api.w.org\/{rel}","templated":true}]}}