{"id":7588,"date":"2025-06-26T12:25:40","date_gmt":"2025-06-26T17:25:40","guid":{"rendered":"https:\/\/goldmidisf2.com\/?post_type=product&#038;p=7588"},"modified":"2026-04-01T10:49:59","modified_gmt":"2026-04-01T15:49:59","slug":"cooljazz-gm-sf2-sfkr","status":"publish","type":"product","link":"https:\/\/goldmidisf2.com\/es\/product\/cooljazz-gm-sf2-sfkr\/","title":{"rendered":"CoolJazz GM SF2"},"content":{"rendered":"<p>GM \u201csf2\u201d format | total compressed size 197 MB | 46 instruments | 18 presets | 1 drum and percussion set | Windows<\/p>","protected":false},"excerpt":{"rendered":"<p style=\"text-align: justify;\"><strong>CoolJazz GM SoundFont,<\/strong> formato \u00absf2\u00bb que incluye una colecci\u00f3n de instrumentos con muestras realistas, todo ello organizado en unos 197 MB de espacio comprimido. Una colecci\u00f3n de instrumentos que evocan los sonidos memorables de Miles Davis, Chet Baker y muchos otros de los a\u00f1os 50 y 60.<\/p>\n<p style=\"text-align: center;\"><div id=\"audioigniter-7798\" class=\"audioigniter-root\" data-player-type=\"full\" data-tracks-url=\"https:\/\/goldmidisf2.com\/es\/?audioigniter_playlist_id=7798\" data-display-track-no=\"false\" data-reverse-track-order=\"false\" data-display-tracklist-covers=\"true\" data-display-active-cover=\"false\" data-display-artist-names=\"true\" data-display-buy-buttons=\"false\" data-buy-buttons-target=\"false\" data-cycle-tracks=\"false\" data-display-credits=\"false\" data-display-tracklist=\"false\" data-allow-tracklist-toggle=\"true\" data-allow-tracklist-loop=\"false\" data-limit-tracklist-height=\"true\" data-volume=\"100\" data-tracklist-height=\"185\" ><\/div><\/p>","protected":false},"featured_media":11196,"template":"","meta":[],"product_brand":[],"product_cat":[150,205],"product_tag":[],"class_list":{"0":"post-7588","1":"product","2":"type-product","3":"status-publish","4":"has-post-thumbnail","6":"product_cat-soundfonts-sf2","7":"product_cat-banco-suoni-gm","9":"first","10":"instock","11":"sale","12":"downloadable","13":"virtual","14":"sold-individually","15":"purchasable","16":"product-type-simple"},"_links":{"self":[{"href":"https:\/\/goldmidisf2.com\/es\/wp-json\/wp\/v2\/product\/7588","targetHints":{"allow":["GET"]}}],"collection":[{"href":"https:\/\/goldmidisf2.com\/es\/wp-json\/wp\/v2\/product"}],"about":[{"href":"https:\/\/goldmidisf2.com\/es\/wp-json\/wp\/v2\/types\/product"}],"wp:featuredmedia":[{"embeddable":true,"href":"https:\/\/goldmidisf2.com\/es\/wp-json\/wp\/v2\/media\/11196"}],"wp:attachment":[{"href":"https:\/\/goldmidisf2.com\/es\/wp-json\/wp\/v2\/media?parent=7588"}],"wp:term":[{"taxonomy":"product_brand","embeddable":true,"href":"https:\/\/goldmidisf2.com\/es\/wp-json\/wp\/v2\/product_brand?post=7588"},{"taxonomy":"product_cat","embeddable":true,"href":"https:\/\/goldmidisf2.com\/es\/wp-json\/wp\/v2\/product_cat?post=7588"},{"taxonomy":"product_tag","embeddable":true,"href":"https:\/\/goldmidisf2.com\/es\/wp-json\/wp\/v2\/product_tag?post=7588"}],"curies":[{"name":"wp","href":"https:\/\/api.w.org\/{rel}","templated":true}]}}