{"id":8897,"date":"2025-07-03T04:39:16","date_gmt":"2025-07-03T09:39:16","guid":{"rendered":"https:\/\/goldmidisf2.com\/?post_type=product&#038;p=8897"},"modified":"2026-04-20T09:07:51","modified_gmt":"2026-04-20T14:07:51","slug":"midisoundsynth-2-0-licence","status":"publish","type":"product","link":"https:\/\/goldmidisf2.com\/es\/product\/midisoundsynth-2-0-licence\/","title":{"rendered":"MidiSoundSynth 2.0 Licence"},"content":{"rendered":"<p><strong>Caracter\u00edsticas principales:<\/strong><\/p>\n<ul>\n<li>Reproductor multimedia (MIDI, Kar, ARR, MP3);<\/li>\n<li>Gesti\u00f3n de cambios de tono y tempo \u00abgenerales\u00bb y de \u00abcanal MIDI individual\u00bb para archivos Midi;<\/li>\n<li style=\"text-align: justify;\">Reconocimiento y visualizaci\u00f3n autom\u00e1ticos de texto y acordes musicales si est\u00e1n presentes en MIDI. (Los acordes musicales se mostrar\u00e1n y traducir\u00e1n seg\u00fan el idioma seleccionado);<\/li>\n<li style=\"text-align: justify;\">Gesti\u00f3n de Volumen, Efectos, Cambio de Programa, Transposici\u00f3n, etc. \u201cgeneral\u201d y \u201ccanal MIDI individual\u201d para archivos Midi;<\/li>\n<li style=\"text-align: justify;\">Edita y guarda el volumen, el tono, los efectos y los cambios de programa de los archivos Midi;<\/li>\n<li style=\"text-align: justify;\">Elecci\u00f3n y asignaci\u00f3n de cualquier SoundFont\/Preset a cada uno de los 16 canales MIDI del archivo MIDI;<\/li>\n<li style=\"text-align: justify;\">Efectos de audio por canal MIDI adem\u00e1s de la salida de audio general (Reverb, Chorus, Compressor, Eq);<\/li>\n<li style=\"text-align: justify;\">Conversi\u00f3n de MIDI a formatos WAV, MP3, MP4 y OGG ;<\/li>\n<li style=\"text-align: justify;\">Conversi\u00f3n MIDI con pistas separadas para cada canal MIDI;<\/li>\n<li style=\"text-align: justify;\">Tecnolog\u00eda WASAPI, para la reproducci\u00f3n en directo y un excelente rendimiento de baja latencia;<\/li>\n<li style=\"text-align: justify;\">Permite reproducir con  un teclado midi conectado directamente al PC (MIDI IN) con baja latencia;<\/li>\n<li style=\"text-align: justify;\">Visualizaci\u00f3n tipo pianorama de todas las notas en todos los canales MIDI por separado<\/li>\n<\/ul>\n<p style=\"text-align: justify;\"><strong>Secci\u00f3n VST:<\/strong><\/p>\n<ul style=\"text-align: justify;\">\n<li>Compatibilidad con efectos e instrumentos VST (plugins VST de terceros basados en la tecnolog\u00eda VST de Steinberg)<\/li>\n<\/ul>\n<p style=\"text-align: justify;\"><strong>Karaoke<\/strong>:<\/p>\n<ul style=\"text-align: justify;\">\n<li>Conversi\u00f3n MIDI con letra y acordes si est\u00e1n presentes en formato MP3;<\/li>\n<li>Conversi\u00f3n de MIDI a MP4, OGG, WAV y WMA;<\/li>\n<li>Reproducci\u00f3n de archivos MP3, tambi\u00e9n con letras y acordes;<\/li>\n<li>Cambia los fondos, las fuentes y los colores del texto;<\/li>\n<li>Activaci\u00f3n de una segunda ventana para un segundo monitor y visualizaci\u00f3n de acordes si est\u00e1n presentes en MIDI. Los acordes musicales se mostrar\u00e1n y traducir\u00e1n seg\u00fan el idioma seleccionado y puede establecer tiempos de retardo para su visualizaci\u00f3n. Esto le permitir\u00e1 leer antes el cambio de acorde musical.<\/li>\n<\/ul>\n<p style=\"text-align: justify;\"><strong>Synth Interno:<\/strong><\/p>\n<ul style=\"text-align: justify;\">\n<li>\n<p id=\"tw-target-text\" class=\"tw-data-text tw-text-large tw-ta\" dir=\"ltr\" style=\"text-align: justify;\" data-placeholder=\"Traduzione\" data-ved=\"2ahUKEwjsp6vA2vKIAxVBVTABHYgrCmEQ3ewLegQIBxAT\" aria-label=\"Testo tradotto: MSSLiteSFKR GM, \u00e8 un soundfont compresso nel formato proprietario &quot;sfkr&quot;. Prodotto e realizzato grazie ad una meticolosa ricerca di campioni realistici di strumenti musicali. Tutti i campioni sono stati creati in ambienti acustici naturali, consentendo maggiore dinamica e qualit\u00e0 audio ai tuoi file MIDI. Caratteristiche: \u2022 Formato GM &quot;sfkr&quot;. \u2022 340 MB di spazio decompresso \u2022 128 preimpostazioni GM \u2022 001 Preset SFX GS \u2022 014 Set batteria e percussioni GM\"><strong>Yamaha PSR S900 GM<\/strong>, es un banco de sonidos producido con los sonidos realistas de la famosa estaci\u00f3n de trabajo Yamaha. Nuestro trabajo minucioso y meticuloso nos ha permitido seleccionar las mejores voces entre las 480 que incluye el PSR-S900 para crear nuestro banco GM SoundFont en formato \u00absfkr\u00bb.<\/p>\n<\/li>\n<li>Formato \u201csfkr\u201d comprimido a 190 MB | 147 instrumentos | 4573 samples | 136 presets de GM | 9 sets de bater\u00eda y percusi\u00f3n | 2 efectos de sonido | Windows<\/li>\n<\/ul>\n<p style=\"text-align: justify;\"><strong>Requisitos m\u00ednimos:<\/strong><br \/>\nConfiguraci\u00f3n de Windows: 4 Gb de RAM, CPU i3 o superior; espacio m\u00ednimo en disco duro de 500 GB;<br \/>\nCompatible con Windows 7, Windows 8\/8.1, Windows 10 y Windows 11 de 64 bits;<\/p>","protected":false},"excerpt":{"rendered":"<p style=\"text-align: justify;\"><span style=\"color: #ff6600;\"><span style=\"color: #000000;\"><strong>MidiSoundSynth<\/strong>, es el \u00fanico software multiplayer midi\/audio\/karaoke que utiliza el nuevo formato propietario SoundFont \u00absfkr\u00bb (\u00abSoundFont KompRessd\u00bb) adem\u00e1s de los formatos normales \u00absf2\u00bb y viene acompa\u00f1ado de <span style=\"color: #ff9900;\"><em><strong><span style=\"color: #000000;\">un banco de sintetizador profesional<\/span><\/strong><\/em> <span style=\"color: #ff0000;\">&#8220;<strong>Yamaha PSR S900 GM\u00a0SoundFont<\/strong>&#8220;<\/span><span style=\"color: #ffffff;\"><span style=\"color: #000000;\">.<\/span> <\/span><\/span>Adem\u00e1s, puedes utilizar los nuevos karaoke y <\/span><\/span><span style=\"color: #000000;\">compatibilidad con efectos e instrumentos VST (plug-ins VST de terceros basados en la tecnolog\u00eda VST de Steinberg).<\/span><\/p>\n<p style=\"text-align: center;\"><a href=\"https:\/\/goldmidisf2.com\/wp-content\/uploads\/2026\/01\/Yamaha-GM-PSR-S900-SFKR.pdf\" target=\"_blank\" rel=\"noopener\"><span style=\"color: #ff6600;\"><strong>\u00a1Abre la lista aqu\u00ed!<\/strong><\/span><\/a><\/p>\n<p style=\"text-align: center;\"><a href=\"https:\/\/youtu.be\/8a7bnYOBJzQ\" target=\"_blank\" rel=\"noopener\"><img loading=\"lazy\" decoding=\"async\" class=\"alignnone wp-image-8987\" src=\"https:\/\/goldmidisf2.com\/wp-content\/uploads\/2025\/06\/Youtube-logo300.jpg\" alt=\"\" width=\"148\" height=\"35\" srcset=\"https:\/\/goldmidisf2.com\/wp-content\/uploads\/2025\/06\/Youtube-logo300.jpg 300w, https:\/\/goldmidisf2.com\/wp-content\/uploads\/2025\/06\/Youtube-logo300-18x4.jpg 18w\" sizes=\"auto, (max-width: 148px) 100vw, 148px\" \/><\/a><\/p>\n<p style=\"text-align: center;\"><div id=\"audioigniter-10469\" class=\"audioigniter-root\" data-player-type=\"full\" data-tracks-url=\"https:\/\/goldmidisf2.com\/es\/?audioigniter_playlist_id=10469\" data-display-track-no=\"false\" data-reverse-track-order=\"false\" data-display-tracklist-covers=\"true\" data-display-active-cover=\"false\" data-display-artist-names=\"true\" data-display-buy-buttons=\"false\" data-buy-buttons-target=\"false\" data-cycle-tracks=\"false\" data-display-credits=\"false\" data-display-tracklist=\"false\" data-allow-tracklist-toggle=\"true\" data-allow-tracklist-loop=\"false\" data-limit-tracklist-height=\"true\" data-volume=\"100\" data-tracklist-height=\"185\" ><\/div><\/p>","protected":false},"featured_media":10458,"template":"","meta":[],"product_brand":[],"product_cat":[297,153,152],"product_tag":[],"class_list":{"0":"post-8897","1":"product","2":"type-product","3":"status-publish","4":"has-post-thumbnail","6":"product_cat-licence","7":"product_cat-midisoundsynth","8":"product_cat-promo","10":"first","11":"instock","12":"sale","13":"downloadable","14":"virtual","15":"purchasable","16":"product-type-simple"},"_links":{"self":[{"href":"https:\/\/goldmidisf2.com\/es\/wp-json\/wp\/v2\/product\/8897","targetHints":{"allow":["GET"]}}],"collection":[{"href":"https:\/\/goldmidisf2.com\/es\/wp-json\/wp\/v2\/product"}],"about":[{"href":"https:\/\/goldmidisf2.com\/es\/wp-json\/wp\/v2\/types\/product"}],"wp:featuredmedia":[{"embeddable":true,"href":"https:\/\/goldmidisf2.com\/es\/wp-json\/wp\/v2\/media\/10458"}],"wp:attachment":[{"href":"https:\/\/goldmidisf2.com\/es\/wp-json\/wp\/v2\/media?parent=8897"}],"wp:term":[{"taxonomy":"product_brand","embeddable":true,"href":"https:\/\/goldmidisf2.com\/es\/wp-json\/wp\/v2\/product_brand?post=8897"},{"taxonomy":"product_cat","embeddable":true,"href":"https:\/\/goldmidisf2.com\/es\/wp-json\/wp\/v2\/product_cat?post=8897"},{"taxonomy":"product_tag","embeddable":true,"href":"https:\/\/goldmidisf2.com\/es\/wp-json\/wp\/v2\/product_tag?post=8897"}],"curies":[{"name":"wp","href":"https:\/\/api.w.org\/{rel}","templated":true}]}}