{"id":9961,"date":"2025-10-20T12:27:20","date_gmt":"2025-10-20T17:27:20","guid":{"rendered":"https:\/\/goldmidisf2.com\/?post_type=product&#038;p=9961"},"modified":"2025-11-25T10:15:30","modified_gmt":"2025-11-25T15:15:30","slug":"vstsynthfont","status":"publish","type":"product","link":"https:\/\/goldmidisf2.com\/es\/product\/vstsynthfont\/","title":{"rendered":"VSTSynthFont"},"content":{"rendered":"<p><strong>Requisitos m\u00ednimos:<\/strong><br \/>\nConfiguraci\u00f3n de Windows: 4 Gb de RAM, CPU i3 o superior; espacio m\u00ednimo en disco duro de 500 GB;<br \/>\nCompatible con Windows 7, Windows 8\/8.1, Windows 10 y Windows 11 de 32 y 64 bits.<\/p>","protected":false},"excerpt":{"rendered":"<p style=\"text-align: justify;\"><strong>VSTSynthFont<\/strong> , es una versi\u00f3n alternativa de SynthFont, disponible como instrumento VST y dise\u00f1ada para utilizarse dentro de un DAW (<em>Digital Audio Workstation<\/em>). Naturalmente, dado que VSTSynthFont requiere un DAW para funcionar, no se puede utilizar por s\u00ed solo. Hemos utilizado <span style=\"color: #ff6600;\"><a style=\"color: #ff6600;\" href=\"https:\/\/www.hermannseib.com\/english\/vsthost.htm\" target=\"_blank\" rel=\"noopener\">VSTHost<\/a><\/span> para probar las funciones del software, pero puedes utilizar cualquier utilidad especializada que prefieras. El paquete descargable incluye un programa de instalaci\u00f3n que simplifica la inserci\u00f3n del componente en la carpeta de plugins VST. Solo tienes que indicar la ruta correcta y el resto se har\u00e1 autom\u00e1ticamente.<\/p>\n<p style=\"text-align: center;\"><strong>VSTSyntFont Full Help <span style=\"color: #ff9900;\"><a style=\"color: #ff9900;\" href=\"https:\/\/goldmidisf2.com\/wp-content\/uploads\/2025\/10\/VSTSynthFont-Help.pdf\" target=\"_blank\" rel=\"noopener\">&#8220;Download PDF&#8221;<\/a><\/span><\/strong><\/p>","protected":false},"featured_media":9966,"template":"","meta":[],"product_brand":[],"product_cat":[332],"product_tag":[],"class_list":{"0":"post-9961","1":"product","2":"type-product","3":"status-publish","4":"has-post-thumbnail","6":"product_cat-synthfont","8":"first","9":"instock","10":"shipping-taxable","11":"product-type-external"},"_links":{"self":[{"href":"https:\/\/goldmidisf2.com\/es\/wp-json\/wp\/v2\/product\/9961","targetHints":{"allow":["GET"]}}],"collection":[{"href":"https:\/\/goldmidisf2.com\/es\/wp-json\/wp\/v2\/product"}],"about":[{"href":"https:\/\/goldmidisf2.com\/es\/wp-json\/wp\/v2\/types\/product"}],"wp:featuredmedia":[{"embeddable":true,"href":"https:\/\/goldmidisf2.com\/es\/wp-json\/wp\/v2\/media\/9966"}],"wp:attachment":[{"href":"https:\/\/goldmidisf2.com\/es\/wp-json\/wp\/v2\/media?parent=9961"}],"wp:term":[{"taxonomy":"product_brand","embeddable":true,"href":"https:\/\/goldmidisf2.com\/es\/wp-json\/wp\/v2\/product_brand?post=9961"},{"taxonomy":"product_cat","embeddable":true,"href":"https:\/\/goldmidisf2.com\/es\/wp-json\/wp\/v2\/product_cat?post=9961"},{"taxonomy":"product_tag","embeddable":true,"href":"https:\/\/goldmidisf2.com\/es\/wp-json\/wp\/v2\/product_tag?post=9961"}],"curies":[{"name":"wp","href":"https:\/\/api.w.org\/{rel}","templated":true}]}}